{"id":385,"date":"2025-01-27T12:51:03","date_gmt":"2025-01-27T11:51:03","guid":{"rendered":"https:\/\/www.cuerpocuerpo.es\/?page_id=385"},"modified":"2026-03-02T08:50:32","modified_gmt":"2026-03-02T07:50:32","slug":"politica-de-privacidad","status":"publish","type":"page","link":"https:\/\/www.cuerpocuerpo.es\/en\/politica-de-privacidad\/","title":{"rendered":"Privacy Policy"},"content":{"rendered":"<div data-elementor-type=\"wp-page\" data-elementor-id=\"385\" class=\"elementor elementor-385\">\n\t\t\t\t<div class=\"elementor-element elementor-element-e4a12ca e-flex e-con-boxed wpr-particle-no wpr-jarallax-no wpr-parallax-no wpr-sticky-section-no e-con e-parent\" data-id=\"e4a12ca\" data-element_type=\"container\" data-e-type=\"container\">\n\t\t\t\t\t<div class=\"e-con-inner\">\n\t\t<div class=\"elementor-element elementor-element-cb35441 e-con-full e-flex wpr-particle-no wpr-jarallax-no wpr-parallax-no wpr-sticky-section-no e-con e-child\" data-id=\"cb35441\" data-element_type=\"container\" data-e-type=\"container\">\n\t\t\t\t<div class=\"elementor-element elementor-element-ad37433 elementor-widget elementor-widget-text-editor\" data-id=\"ad37433\" data-element_type=\"widget\" data-e-type=\"widget\" data-widget_type=\"text-editor.default\">\n\t\t\t\t<div class=\"elementor-widget-container\">\n\t\t\t\t\t\t\t\t\t<div class=\"row\">\n<div class=\"col-xl-10 mx-auto\">\n<div class=\"paper\"><header class=\"text-center\">\n<h1 data-start=\"2416\" data-end=\"2445\">POL\u00cdTICA DE PRIVACIDAD<\/h1>\n<p data-start=\"2446\" data-end=\"2465\"><strong data-start=\"2446\" data-end=\"2465\">cuerpocuerpo.es<\/strong><\/p>\n\n<h2 data-start=\"2467\" data-end=\"2500\">1. Responsable del tratamiento<\/h2>\n<p data-start=\"2502\" data-end=\"2681\"><strong data-start=\"2502\" data-end=\"2514\">Titular:<\/strong> Violeta Montiel<br data-start=\"2530\" data-end=\"2533\" \/><strong data-start=\"2533\" data-end=\"2541\">NIF:<\/strong> Y6008643E<br data-start=\"2551\" data-end=\"2554\" \/><strong data-start=\"2554\" data-end=\"2568\">Address<\/strong> Calle Padre Barranco, 36, portal 5, Espa\u00f1a<br data-start=\"2611\" data-end=\"2614\" \/><strong data-start=\"2614\" data-end=\"2624\">Email:<\/strong> <a class=\"decorated-link cursor-pointer\" rel=\"noopener\" data-start=\"2625\" data-end=\"2650\">cuerpocuerpo.cc@gmail.com<\/a><br data-start=\"2650\" data-end=\"2653\" \/><strong data-start=\"2653\" data-end=\"2666\">Tel\u00e9fono:<\/strong> +34 641 09 80 55<\/p>\n\n\n<hr data-start=\"2683\" data-end=\"2686\" \/>\n\n<h2 data-start=\"2688\" data-end=\"2714\">2. Datos que se recogen<\/h2>\n<p data-start=\"2716\" data-end=\"2786\">A trav\u00e9s de este sitio web pueden recogerse datos personales mediante:<\/p>\n\n<ul data-start=\"2788\" data-end=\"2897\">\n \t<li data-start=\"2788\" data-end=\"2815\">\n<p data-start=\"2790\" data-end=\"2815\">Formularios de contacto<\/p>\n<\/li>\n \t<li data-start=\"2816\" data-end=\"2857\">\n<p data-start=\"2818\" data-end=\"2857\">Comunicaciones por correo electr\u00f3nico<\/p>\n<\/li>\n \t<li data-start=\"2858\" data-end=\"2897\">\n<p data-start=\"2860\" data-end=\"2897\">Cookies y herramientas de anal\u00edtica<\/p>\n<\/li>\n<\/ul>\n<p data-start=\"2899\" data-end=\"2999\">Los datos tratados pueden incluir: nombre, direcci\u00f3n de correo electr\u00f3nico, tel\u00e9fono y direcci\u00f3n IP.<\/p>\n<p data-start=\"3001\" data-end=\"3045\">No se tratan categor\u00edas especiales de datos.<\/p>\n\n\n<hr data-start=\"3047\" data-end=\"3050\" \/>\n\n<h2 data-start=\"3052\" data-end=\"3083\">3. Finalidad del tratamiento<\/h2>\n<p data-start=\"3085\" data-end=\"3112\">Los datos se utilizan para:<\/p>\n\n<ul data-start=\"3114\" data-end=\"3271\">\n \t<li data-start=\"3114\" data-end=\"3149\">\n<p data-start=\"3116\" data-end=\"3149\">Atender consultas o solicitudes<\/p>\n<\/li>\n \t<li data-start=\"3150\" data-end=\"3199\">\n<p data-start=\"3152\" data-end=\"3199\">Gestionar la relaci\u00f3n con usuarios o clientes<\/p>\n<\/li>\n \t<li data-start=\"3200\" data-end=\"3240\">\n<p data-start=\"3202\" data-end=\"3240\">Mejorar la experiencia de navegaci\u00f3n<\/p>\n<\/li>\n \t<li data-start=\"3241\" data-end=\"3271\">\n<p data-start=\"3243\" data-end=\"3271\">Cumplir obligaciones legales<\/p>\n<\/li>\n<\/ul>\n\n<hr data-start=\"3273\" data-end=\"3276\" \/>\n\n<h2 data-start=\"3278\" data-end=\"3294\">4. Base legal<\/h2>\n<p data-start=\"3296\" data-end=\"3403\">La base legal es el <strong data-start=\"3316\" data-end=\"3346\">consentimiento del usuario<\/strong> y, en su caso, la ejecuci\u00f3n de una relaci\u00f3n contractual.<\/p>\n\n\n<hr data-start=\"3405\" data-end=\"3408\" \/>\n\n<h2 data-start=\"3410\" data-end=\"3441\">5. Conservaci\u00f3n de los datos<\/h2>\n<p data-start=\"3443\" data-end=\"3597\">Los datos se conservar\u00e1n durante el tiempo necesario para cumplir la finalidad para la que se recabaron y para atender posibles responsabilidades legales.<\/p>\n\n\n<hr data-start=\"3599\" data-end=\"3602\" \/>\n\n<h2 data-start=\"3604\" data-end=\"3623\">6. Destinatarios<\/h2>\n<p data-start=\"3625\" data-end=\"3856\">No se ceder\u00e1n datos a terceros salvo obligaci\u00f3n legal.<br data-start=\"3679\" data-end=\"3682\" \/>Pueden tener acceso proveedores que prestan servicios necesarios para el funcionamiento de la web (hosting, correo electr\u00f3nico, anal\u00edtica), bajo contrato de confidencialidad.<\/p>\n\n\n<hr data-start=\"3858\" data-end=\"3861\" \/>\n\n<h2 data-start=\"3863\" data-end=\"3889\">7. Derechos del usuario<\/h2>\n<p data-start=\"3891\" data-end=\"4012\">Puede ejercer sus derechos de acceso, rectificaci\u00f3n, supresi\u00f3n, oposici\u00f3n, limitaci\u00f3n y portabilidad enviando un email a:<\/p>\n<p data-start=\"4014\" data-end=\"4042\">\ud83d\udce9 <a class=\"decorated-link cursor-pointer\" rel=\"noopener\" data-start=\"4017\" data-end=\"4042\">cuerpocuerpo.cc@gmail.com<\/a><\/p>\n<p data-start=\"4044\" data-end=\"4199\">Si considera que el tratamiento no se ajusta a la normativa, puede presentar reclamaci\u00f3n ante la <strong data-start=\"4141\" data-end=\"4198\">Agencia Espa\u00f1ola de Protecci\u00f3n de Datos (<a class=\"decorated-link\" href=\"http:\/\/www.aepd.es\" target=\"_new\" rel=\"noopener\" data-start=\"4184\" data-end=\"4195\">www.aepd.es<\/a>)<\/strong>.<\/p>\n\n<\/header><\/div>\n<\/div>\n<\/div>\t\t\t\t\t\t\t\t<\/div>\n\t\t\t\t<\/div>\n\t\t\t\t<\/div>\n\t\t\t\t\t<\/div>\n\t\t\t\t<\/div>\n\t\t\t\t<\/div>","protected":false},"excerpt":{"rendered":"<p>POL\u00cdTICA DE PRIVACIDAD cuerpocuerpo.es 1. Responsable del tratamiento Titular: Violeta MontielNIF: Y6008643EDirecci\u00f3n: Calle Padre Barranco, 36, portal 5, Espa\u00f1aEmail: cuerpocuerpo.cc@gmail.comTel\u00e9fono: +34 641 09 80 55 2. Datos que se recogen A trav\u00e9s de este sitio web pueden recogerse datos personales mediante: Formularios de contacto Comunicaciones por correo electr\u00f3nico Cookies y herramientas de anal\u00edtica Los datos tratados pueden incluir: nombre, direcci\u00f3n de correo electr\u00f3nico, tel\u00e9fono y direcci\u00f3n IP. No se tratan categor\u00edas especiales de datos. 3. Finalidad del tratamiento Los datos se utilizan para: Atender consultas o solicitudes Gestionar la relaci\u00f3n con usuarios o clientes Mejorar la experiencia de navegaci\u00f3n Cumplir obligaciones legales 4. Base legal La base legal es el consentimiento del usuario y, en su caso, la ejecuci\u00f3n de una relaci\u00f3n contractual. 5. Conservaci\u00f3n de los datos Los datos se conservar\u00e1n durante el tiempo necesario para cumplir la finalidad para la que se recabaron y para atender posibles responsabilidades legales. 6. Destinatarios No se ceder\u00e1n datos a terceros salvo obligaci\u00f3n legal.Pueden tener acceso proveedores que prestan servicios necesarios para el funcionamiento de la web (hosting, correo electr\u00f3nico, anal\u00edtica), bajo contrato de confidencialidad. 7. Derechos del usuario Puede ejercer sus derechos de acceso, rectificaci\u00f3n, supresi\u00f3n, oposici\u00f3n, limitaci\u00f3n y portabilidad enviando un email a: \ud83d\udce9 cuerpocuerpo.cc@gmail.com Si considera que el tratamiento no se ajusta a la normativa, puede presentar reclamaci\u00f3n ante la Agencia Espa\u00f1ola de Protecci\u00f3n de Datos (www.aepd.es).<\/p>","protected":false},"author":1,"featured_media":0,"parent":0,"menu_order":0,"comment_status":"closed","ping_status":"closed","template":"elementor_header_footer","meta":{"footnotes":""},"class_list":["post-385","page","type-page","status-publish","hentry"],"yoast_head":"<!-- This site is optimized with the Yoast SEO plugin v27.0 - https:\/\/yoast.com\/product\/yoast-seo-wordpress\/ -->\n<title>Pol\u00edtica de privacidad | CuerpoCuerpo<\/title>\n<meta name=\"robots\" content=\"noindex, nofollow\" \/>\n<meta property=\"og:locale\" content=\"en_GB\" \/>\n<meta property=\"og:type\" content=\"article\" \/>\n<meta property=\"og:title\" content=\"Pol\u00edtica de privacidad | CuerpoCuerpo\" \/>\n<meta property=\"og:description\" content=\"POL\u00cdTICA DE PRIVACIDAD cuerpocuerpo.es 1. Responsable del tratamiento Titular: Violeta MontielNIF: Y6008643EDirecci\u00f3n: Calle Padre Barranco, 36, portal 5, Espa\u00f1aEmail: cuerpocuerpo.cc@gmail.comTel\u00e9fono: +34 641 09 80 55 2. Datos que se recogen A trav\u00e9s de este sitio web pueden recogerse datos personales mediante: Formularios de contacto Comunicaciones por correo electr\u00f3nico Cookies y herramientas de anal\u00edtica Los datos tratados pueden incluir: nombre, direcci\u00f3n de correo electr\u00f3nico, tel\u00e9fono y direcci\u00f3n IP. No se tratan categor\u00edas especiales de datos. 3. Finalidad del tratamiento Los datos se utilizan para: Atender consultas o solicitudes Gestionar la relaci\u00f3n con usuarios o clientes Mejorar la experiencia de navegaci\u00f3n Cumplir obligaciones legales 4. Base legal La base legal es el consentimiento del usuario y, en su caso, la ejecuci\u00f3n de una relaci\u00f3n contractual. 5. Conservaci\u00f3n de los datos Los datos se conservar\u00e1n durante el tiempo necesario para cumplir la finalidad para la que se recabaron y para atender posibles responsabilidades legales. 6. Destinatarios No se ceder\u00e1n datos a terceros salvo obligaci\u00f3n legal.Pueden tener acceso proveedores que prestan servicios necesarios para el funcionamiento de la web (hosting, correo electr\u00f3nico, anal\u00edtica), bajo contrato de confidencialidad. 7. Derechos del usuario Puede ejercer sus derechos de acceso, rectificaci\u00f3n, supresi\u00f3n, oposici\u00f3n, limitaci\u00f3n y portabilidad enviando un email a: \ud83d\udce9 cuerpocuerpo.cc@gmail.com Si considera que el tratamiento no se ajusta a la normativa, puede presentar reclamaci\u00f3n ante la Agencia Espa\u00f1ola de Protecci\u00f3n de Datos (www.aepd.es).\" \/>\n<meta property=\"og:url\" content=\"https:\/\/www.cuerpocuerpo.es\/en\/politica-de-privacidad\/\" \/>\n<meta property=\"og:site_name\" content=\"CuerpoCuerpo\" \/>\n<meta property=\"article:modified_time\" content=\"2026-03-02T07:50:32+00:00\" \/>\n<meta name=\"twitter:card\" content=\"summary_large_image\" \/>\n<meta name=\"twitter:label1\" content=\"Estimated reading time\" \/>\n\t<meta name=\"twitter:data1\" content=\"2 minutes\" \/>\n<script type=\"application\/ld+json\" class=\"yoast-schema-graph\">{\"@context\":\"https:\/\/schema.org\",\"@graph\":[{\"@type\":\"WebPage\",\"@id\":\"https:\/\/www.cuerpocuerpo.es\/politica-de-privacidad\/\",\"url\":\"https:\/\/www.cuerpocuerpo.es\/politica-de-privacidad\/\",\"name\":\"Pol\u00edtica de privacidad | CuerpoCuerpo\",\"isPartOf\":{\"@id\":\"https:\/\/www.cuerpocuerpo.es\/#website\"},\"datePublished\":\"2025-01-27T11:51:03+00:00\",\"dateModified\":\"2026-03-02T07:50:32+00:00\",\"breadcrumb\":{\"@id\":\"https:\/\/www.cuerpocuerpo.es\/politica-de-privacidad\/#breadcrumb\"},\"inLanguage\":\"en-GB\",\"potentialAction\":[{\"@type\":\"ReadAction\",\"target\":[\"https:\/\/www.cuerpocuerpo.es\/politica-de-privacidad\/\"]}]},{\"@type\":\"BreadcrumbList\",\"@id\":\"https:\/\/www.cuerpocuerpo.es\/politica-de-privacidad\/#breadcrumb\",\"itemListElement\":[{\"@type\":\"ListItem\",\"position\":1,\"name\":\"Portada\",\"item\":\"https:\/\/www.cuerpocuerpo.es\/\"},{\"@type\":\"ListItem\",\"position\":2,\"name\":\"Pol\u00edtica de privacidad\"}]},{\"@type\":\"WebSite\",\"@id\":\"https:\/\/www.cuerpocuerpo.es\/#website\",\"url\":\"https:\/\/www.cuerpocuerpo.es\/\",\"name\":\"Colectivo CuerpoCuerpo\",\"description\":\"Exploramos nuevas formas de creaci\u00f3n art\u00edstica y de relaci\u00f3n con el contexto cultural\",\"publisher\":{\"@id\":\"https:\/\/www.cuerpocuerpo.es\/#organization\"},\"alternateName\":\"Colectivo art\u00edstico\",\"potentialAction\":[{\"@type\":\"SearchAction\",\"target\":{\"@type\":\"EntryPoint\",\"urlTemplate\":\"https:\/\/www.cuerpocuerpo.es\/?s={search_term_string}\"},\"query-input\":{\"@type\":\"PropertyValueSpecification\",\"valueRequired\":true,\"valueName\":\"search_term_string\"}}],\"inLanguage\":\"en-GB\"},{\"@type\":\"Organization\",\"@id\":\"https:\/\/www.cuerpocuerpo.es\/#organization\",\"name\":\"CuerpoCuerpo\",\"url\":\"https:\/\/www.cuerpocuerpo.es\/\",\"logo\":{\"@type\":\"ImageObject\",\"inLanguage\":\"en-GB\",\"@id\":\"https:\/\/www.cuerpocuerpo.es\/#\/schema\/logo\/image\/\",\"url\":\"https:\/\/www.cuerpocuerpo.es\/wp-content\/uploads\/2025\/01\/logotipo_cuerpocuerpo.png\",\"contentUrl\":\"https:\/\/www.cuerpocuerpo.es\/wp-content\/uploads\/2025\/01\/logotipo_cuerpocuerpo.png\",\"width\":699,\"height\":130,\"caption\":\"CuerpoCuerpo\"},\"image\":{\"@id\":\"https:\/\/www.cuerpocuerpo.es\/#\/schema\/logo\/image\/\"}}]}<\/script>\n<!-- \/ Yoast SEO plugin. -->","yoast_head_json":{"title":"Pol\u00edtica de privacidad | CuerpoCuerpo","robots":{"index":"noindex","follow":"nofollow"},"og_locale":"en_GB","og_type":"article","og_title":"Pol\u00edtica de privacidad | CuerpoCuerpo","og_description":"POL\u00cdTICA DE PRIVACIDAD cuerpocuerpo.es 1. Responsable del tratamiento Titular: Violeta MontielNIF: Y6008643EDirecci\u00f3n: Calle Padre Barranco, 36, portal 5, Espa\u00f1aEmail: cuerpocuerpo.cc@gmail.comTel\u00e9fono: +34 641 09 80 55 2. Datos que se recogen A trav\u00e9s de este sitio web pueden recogerse datos personales mediante: Formularios de contacto Comunicaciones por correo electr\u00f3nico Cookies y herramientas de anal\u00edtica Los datos tratados pueden incluir: nombre, direcci\u00f3n de correo electr\u00f3nico, tel\u00e9fono y direcci\u00f3n IP. No se tratan categor\u00edas especiales de datos. 3. Finalidad del tratamiento Los datos se utilizan para: Atender consultas o solicitudes Gestionar la relaci\u00f3n con usuarios o clientes Mejorar la experiencia de navegaci\u00f3n Cumplir obligaciones legales 4. Base legal La base legal es el consentimiento del usuario y, en su caso, la ejecuci\u00f3n de una relaci\u00f3n contractual. 5. Conservaci\u00f3n de los datos Los datos se conservar\u00e1n durante el tiempo necesario para cumplir la finalidad para la que se recabaron y para atender posibles responsabilidades legales. 6. Destinatarios No se ceder\u00e1n datos a terceros salvo obligaci\u00f3n legal.Pueden tener acceso proveedores que prestan servicios necesarios para el funcionamiento de la web (hosting, correo electr\u00f3nico, anal\u00edtica), bajo contrato de confidencialidad. 7. Derechos del usuario Puede ejercer sus derechos de acceso, rectificaci\u00f3n, supresi\u00f3n, oposici\u00f3n, limitaci\u00f3n y portabilidad enviando un email a: \ud83d\udce9 cuerpocuerpo.cc@gmail.com Si considera que el tratamiento no se ajusta a la normativa, puede presentar reclamaci\u00f3n ante la Agencia Espa\u00f1ola de Protecci\u00f3n de Datos (www.aepd.es).","og_url":"https:\/\/www.cuerpocuerpo.es\/en\/politica-de-privacidad\/","og_site_name":"CuerpoCuerpo","article_modified_time":"2026-03-02T07:50:32+00:00","twitter_card":"summary_large_image","twitter_misc":{"Estimated reading time":"2 minutes"},"schema":{"@context":"https:\/\/schema.org","@graph":[{"@type":"WebPage","@id":"https:\/\/www.cuerpocuerpo.es\/politica-de-privacidad\/","url":"https:\/\/www.cuerpocuerpo.es\/politica-de-privacidad\/","name":"Pol\u00edtica de privacidad | CuerpoCuerpo","isPartOf":{"@id":"https:\/\/www.cuerpocuerpo.es\/#website"},"datePublished":"2025-01-27T11:51:03+00:00","dateModified":"2026-03-02T07:50:32+00:00","breadcrumb":{"@id":"https:\/\/www.cuerpocuerpo.es\/politica-de-privacidad\/#breadcrumb"},"inLanguage":"en-GB","potentialAction":[{"@type":"ReadAction","target":["https:\/\/www.cuerpocuerpo.es\/politica-de-privacidad\/"]}]},{"@type":"BreadcrumbList","@id":"https:\/\/www.cuerpocuerpo.es\/politica-de-privacidad\/#breadcrumb","itemListElement":[{"@type":"ListItem","position":1,"name":"Portada","item":"https:\/\/www.cuerpocuerpo.es\/"},{"@type":"ListItem","position":2,"name":"Pol\u00edtica de privacidad"}]},{"@type":"WebSite","@id":"https:\/\/www.cuerpocuerpo.es\/#website","url":"https:\/\/www.cuerpocuerpo.es\/","name":"Colectivo CuerpoCuerpo","description":"Exploramos nuevas formas de creaci\u00f3n art\u00edstica y de relaci\u00f3n con el contexto cultural","publisher":{"@id":"https:\/\/www.cuerpocuerpo.es\/#organization"},"alternateName":"Colectivo art\u00edstico","potentialAction":[{"@type":"SearchAction","target":{"@type":"EntryPoint","urlTemplate":"https:\/\/www.cuerpocuerpo.es\/?s={search_term_string}"},"query-input":{"@type":"PropertyValueSpecification","valueRequired":true,"valueName":"search_term_string"}}],"inLanguage":"en-GB"},{"@type":"Organization","@id":"https:\/\/www.cuerpocuerpo.es\/#organization","name":"CuerpoCuerpo","url":"https:\/\/www.cuerpocuerpo.es\/","logo":{"@type":"ImageObject","inLanguage":"en-GB","@id":"https:\/\/www.cuerpocuerpo.es\/#\/schema\/logo\/image\/","url":"https:\/\/www.cuerpocuerpo.es\/wp-content\/uploads\/2025\/01\/logotipo_cuerpocuerpo.png","contentUrl":"https:\/\/www.cuerpocuerpo.es\/wp-content\/uploads\/2025\/01\/logotipo_cuerpocuerpo.png","width":699,"height":130,"caption":"CuerpoCuerpo"},"image":{"@id":"https:\/\/www.cuerpocuerpo.es\/#\/schema\/logo\/image\/"}}]}},"_links":{"self":[{"href":"https:\/\/www.cuerpocuerpo.es\/en\/wp-json\/wp\/v2\/pages\/385","targetHints":{"allow":["GET"]}}],"collection":[{"href":"https:\/\/www.cuerpocuerpo.es\/en\/wp-json\/wp\/v2\/pages"}],"about":[{"href":"https:\/\/www.cuerpocuerpo.es\/en\/wp-json\/wp\/v2\/types\/page"}],"author":[{"embeddable":true,"href":"https:\/\/www.cuerpocuerpo.es\/en\/wp-json\/wp\/v2\/users\/1"}],"replies":[{"embeddable":true,"href":"https:\/\/www.cuerpocuerpo.es\/en\/wp-json\/wp\/v2\/comments?post=385"}],"version-history":[{"count":19,"href":"https:\/\/www.cuerpocuerpo.es\/en\/wp-json\/wp\/v2\/pages\/385\/revisions"}],"predecessor-version":[{"id":1389,"href":"https:\/\/www.cuerpocuerpo.es\/en\/wp-json\/wp\/v2\/pages\/385\/revisions\/1389"}],"wp:attachment":[{"href":"https:\/\/www.cuerpocuerpo.es\/en\/wp-json\/wp\/v2\/media?parent=385"}],"curies":[{"name":"wp","href":"https:\/\/api.w.org\/{rel}","templated":true}]}}