{"id":36,"date":"2025-01-20T15:53:40","date_gmt":"2025-01-20T14:53:40","guid":{"rendered":"https:\/\/www.cuerpocuerpo.es\/?page_id=36"},"modified":"2026-02-19T17:57:22","modified_gmt":"2026-02-19T16:57:22","slug":"contacto","status":"publish","type":"page","link":"https:\/\/www.cuerpocuerpo.es\/en\/contacto\/","title":{"rendered":"Contact"},"content":{"rendered":"<div data-elementor-type=\"wp-page\" data-elementor-id=\"36\" class=\"elementor elementor-36\">\n\t\t\t\t<div class=\"elementor-element elementor-element-4155b1d e-flex e-con-boxed wpr-particle-no wpr-jarallax-no wpr-parallax-no wpr-sticky-section-no e-con e-parent\" data-id=\"4155b1d\" data-element_type=\"container\" data-e-type=\"container\">\n\t\t\t\t\t<div class=\"e-con-inner\">\n\t\t<div class=\"elementor-element elementor-element-dfddffd e-con-full e-flex wpr-particle-no wpr-jarallax-no wpr-parallax-no wpr-sticky-section-no e-con e-child\" data-id=\"dfddffd\" data-element_type=\"container\" data-e-type=\"container\">\n\t\t<div class=\"elementor-element elementor-element-17ce4ec e-con-full e-flex wpr-particle-no wpr-jarallax-no wpr-parallax-no wpr-sticky-section-no e-con e-child\" data-id=\"17ce4ec\" data-element_type=\"container\" data-e-type=\"container\">\n\t\t\t\t<div class=\"elementor-element elementor-element-f3ad38c elementor-widget elementor-widget-heading\" data-id=\"f3ad38c\" data-element_type=\"widget\" data-e-type=\"widget\" data-widget_type=\"heading.default\">\n\t\t\t\t<div class=\"elementor-widget-container\">\n\t\t\t\t\t<h2 class=\"elementor-heading-title elementor-size-default\">You can contact us through our email  <a href=\"mailto:info@cuerpocuerpo\"><strong>info@cuerpocuerpo.es<\/strong><\/a>\nor also on Instagram at <a style=\"color:black\" href=\"https:\/\/www.instagram.com\/cuerpo_cuerpo\/?igshid=YmMyMTA2M2Y%3D\"><strong>@cuerpo_cuerpo<\/strong><\/a><\/h2>\t\t\t\t<\/div>\n\t\t\t\t<\/div>\n\t\t\t\t<\/div>\n\t\t\t\t<\/div>\n\t\t<div class=\"elementor-element elementor-element-853b1ff e-con-full e-flex wpr-particle-no wpr-jarallax-no wpr-parallax-no wpr-sticky-section-no e-con e-child\" data-id=\"853b1ff\" data-element_type=\"container\" data-e-type=\"container\">\n\t\t<div class=\"elementor-element elementor-element-ff43ceb e-con-full e-flex wpr-particle-no wpr-jarallax-no wpr-parallax-no wpr-sticky-section-no e-con e-child\" data-id=\"ff43ceb\" data-element_type=\"container\" data-e-type=\"container\">\n\t\t\t\t<div class=\"elementor-element elementor-element-ea0d5a3 elementor-widget__width-initial elementor-widget elementor-widget-html\" data-id=\"ea0d5a3\" data-element_type=\"widget\" data-e-type=\"widget\" data-widget_type=\"html.default\">\n\t\t\t\t<div class=\"elementor-widget-container\">\n\t\t\t\t\t\n<div class=\"wpcf7 no-js\" id=\"wpcf7-f165-o1\" lang=\"es-ES\" dir=\"ltr\" data-wpcf7-id=\"165\">\n<div class=\"screen-reader-response\"><p role=\"status\" aria-live=\"polite\" aria-atomic=\"true\"><\/p> <ul><\/ul><\/div>\n<form action=\"\/en\/wp-json\/wp\/v2\/pages\/36#wpcf7-f165-o1\" method=\"post\" class=\"wpcf7-form init\" aria-label=\"Formulario de contacto\" novalidate=\"novalidate\" data-status=\"init\" data-trp-original-action=\"\/en\/wp-json\/wp\/v2\/pages\/36#wpcf7-f165-o1\">\n<fieldset class=\"hidden-fields-container\"><input type=\"hidden\" name=\"_wpcf7\" value=\"165\" \/><input type=\"hidden\" name=\"_wpcf7_version\" value=\"6.1.5\" \/><input type=\"hidden\" name=\"_wpcf7_locale\" value=\"es_ES\" \/><input type=\"hidden\" name=\"_wpcf7_unit_tag\" value=\"wpcf7-f165-o1\" \/><input type=\"hidden\" name=\"_wpcf7_container_post\" value=\"0\" \/><input type=\"hidden\" name=\"_wpcf7_posted_data_hash\" value=\"\" \/>\n<\/fieldset>\n<p><span class=\"wpcf7-form-control-wrap\" data-name=\"nombre\"><input size=\"40\" maxlength=\"400\" class=\"wpcf7-form-control wpcf7-text wpcf7-validates-as-required\" aria-required=\"true\" aria-invalid=\"false\" placeholder=\"Name\" value=\"\" type=\"text\" name=\"nombre\" \/><\/span>\n<\/p>\n<p><span class=\"wpcf7-form-control-wrap\" data-name=\"email\"><input size=\"40\" maxlength=\"400\" class=\"wpcf7-form-control wpcf7-email wpcf7-validates-as-required wpcf7-text wpcf7-validates-as-email\" aria-required=\"true\" aria-invalid=\"false\" placeholder=\"E-mail\" value=\"\" type=\"email\" name=\"email\" \/><\/span>\n<\/p>\n<p><span class=\"wpcf7-form-control-wrap\" data-name=\"telefono\"><input size=\"40\" maxlength=\"400\" class=\"wpcf7-form-control wpcf7-tel wpcf7-text wpcf7-validates-as-tel\" aria-invalid=\"false\" placeholder=\"Phone\" value=\"\" type=\"tel\" name=\"telefono\" \/><\/span>\n<\/p>\n<p><span class=\"wpcf7-form-control-wrap\" data-name=\"mensaje\"><textarea cols=\"40\" rows=\"10\" maxlength=\"2000\" class=\"wpcf7-form-control wpcf7-textarea\" aria-invalid=\"false\" placeholder=\"message\" name=\"mensaje\"><\/textarea><\/span>\n<\/p>\n<p><span class=\"wpcf7-form-control-wrap\" data-name=\"acceptance-344\"><span class=\"wpcf7-form-control wpcf7-acceptance\"><span class=\"wpcf7-list-item\"><label><input type=\"checkbox\" name=\"acceptance-344\" value=\"1\" aria-invalid=\"false\" \/><span class=\"wpcf7-list-item-label\">He le\u00eddo y acepto la <a href=\"https:\/\/www.cuerpocuerpo.es\/en\/politica-de-privacidad\/\">pol\u00edtica de privacidad<\/a><\/span><\/label><\/span><\/span><\/span>\n<\/p>\n<p><input class=\"wpcf7-form-control wpcf7-submit has-spinner\" type=\"submit\" value=\"Send\" \/>\n<\/p><div class=\"wpcf7-response-output\" aria-hidden=\"true\"><\/div>\n<input type=\"hidden\" name=\"trp-form-language\" value=\"en\"\/><\/form>\n<\/div>\n\t\t\t\t<\/div>\n\t\t\t\t<\/div>\n\t\t\t\t<\/div>\n\t\t\t\t<\/div>\n\t\t\t\t\t<\/div>\n\t\t\t\t<\/div>\n\t\t<div class=\"elementor-element elementor-element-69f40d2 e-flex e-con-boxed wpr-particle-no wpr-jarallax-no wpr-parallax-no wpr-sticky-section-no e-con e-parent\" data-id=\"69f40d2\" data-element_type=\"container\" data-e-type=\"container\">\n\t\t\t\t\t<div class=\"e-con-inner\">\n\t\t<div class=\"elementor-element elementor-element-6ca1e03 e-con-full e-flex wpr-particle-no wpr-jarallax-no wpr-parallax-no wpr-sticky-section-no e-con e-child\" data-id=\"6ca1e03\" data-element_type=\"container\" data-e-type=\"container\">\n\t\t\t\t<div class=\"elementor-element elementor-element-e08123b elementor-widget elementor-widget-image\" data-id=\"e08123b\" data-element_type=\"widget\" data-e-type=\"widget\" data-widget_type=\"image.default\">\n\t\t\t\t<div class=\"elementor-widget-container\">\n\t\t\t\t\t\t\t\t\t\t\t\t\t\t\t<img fetchpriority=\"high\" decoding=\"async\" width=\"959\" height=\"182\" src=\"https:\/\/www.cuerpocuerpo.es\/wp-content\/uploads\/2026\/02\/kit-digital.png\" class=\"attachment-large size-large wp-image-1379\" alt=\"\" srcset=\"https:\/\/www.cuerpocuerpo.es\/wp-content\/uploads\/2026\/02\/kit-digital.png 959w, https:\/\/www.cuerpocuerpo.es\/wp-content\/uploads\/2026\/02\/kit-digital-300x57.png 300w, https:\/\/www.cuerpocuerpo.es\/wp-content\/uploads\/2026\/02\/kit-digital-768x146.png 768w, https:\/\/www.cuerpocuerpo.es\/wp-content\/uploads\/2026\/02\/kit-digital-18x3.png 18w\" sizes=\"(max-width: 959px) 100vw, 959px\" \/>\t\t\t\t\t\t\t\t\t\t\t\t\t\t\t<\/div>\n\t\t\t\t<\/div>\n\t\t\t\t<\/div>\n\t\t\t\t\t<\/div>\n\t\t\t\t<\/div>\n\t\t\t\t<\/div>","protected":false},"excerpt":{"rendered":"<p>Puedes contactarnos a trav\u00e9s de nuestro correo info@cuerpocuerpo.es o s\u00edguenos en @cuerpo_cuerpo<\/p>","protected":false},"author":1,"featured_media":0,"parent":0,"menu_order":0,"comment_status":"closed","ping_status":"closed","template":"elementor_header_footer","meta":{"footnotes":""},"class_list":["post-36","page","type-page","status-publish","hentry"],"yoast_head":"<!-- This site is optimized with the Yoast SEO plugin v27.0 - https:\/\/yoast.com\/product\/yoast-seo-wordpress\/ -->\n<title>Contacto | CuerpoCuerpo<\/title>\n<meta name=\"robots\" content=\"noindex, nofollow\" \/>\n<meta property=\"og:locale\" content=\"en_GB\" \/>\n<meta property=\"og:type\" content=\"article\" \/>\n<meta property=\"og:title\" content=\"Contacto | CuerpoCuerpo\" \/>\n<meta property=\"og:description\" content=\"Puedes contactarnos a trav\u00e9s de nuestro correo info@cuerpocuerpo.es o s\u00edguenos en @cuerpo_cuerpo\" \/>\n<meta property=\"og:url\" content=\"https:\/\/www.cuerpocuerpo.es\/en\/contacto\/\" \/>\n<meta property=\"og:site_name\" content=\"CuerpoCuerpo\" \/>\n<meta property=\"article:modified_time\" content=\"2026-02-19T16:57:22+00:00\" \/>\n<meta property=\"og:image\" content=\"https:\/\/www.cuerpocuerpo.es\/wp-content\/uploads\/2026\/02\/kit-digital.png\" \/>\n<meta name=\"twitter:card\" content=\"summary_large_image\" \/>\n<meta name=\"twitter:label1\" content=\"Estimated reading time\" \/>\n\t<meta name=\"twitter:data1\" content=\"1 minute\" \/>\n<script type=\"application\/ld+json\" class=\"yoast-schema-graph\">{\"@context\":\"https:\/\/schema.org\",\"@graph\":[{\"@type\":\"WebPage\",\"@id\":\"https:\/\/www.cuerpocuerpo.es\/contacto\/\",\"url\":\"https:\/\/www.cuerpocuerpo.es\/contacto\/\",\"name\":\"Contacto | CuerpoCuerpo\",\"isPartOf\":{\"@id\":\"https:\/\/www.cuerpocuerpo.es\/#website\"},\"primaryImageOfPage\":{\"@id\":\"https:\/\/www.cuerpocuerpo.es\/contacto\/#primaryimage\"},\"image\":{\"@id\":\"https:\/\/www.cuerpocuerpo.es\/contacto\/#primaryimage\"},\"thumbnailUrl\":\"https:\/\/www.cuerpocuerpo.es\/wp-content\/uploads\/2026\/02\/kit-digital.png\",\"datePublished\":\"2025-01-20T14:53:40+00:00\",\"dateModified\":\"2026-02-19T16:57:22+00:00\",\"breadcrumb\":{\"@id\":\"https:\/\/www.cuerpocuerpo.es\/contacto\/#breadcrumb\"},\"inLanguage\":\"en-GB\",\"potentialAction\":[{\"@type\":\"ReadAction\",\"target\":[\"https:\/\/www.cuerpocuerpo.es\/contacto\/\"]}]},{\"@type\":\"ImageObject\",\"inLanguage\":\"en-GB\",\"@id\":\"https:\/\/www.cuerpocuerpo.es\/contacto\/#primaryimage\",\"url\":\"https:\/\/www.cuerpocuerpo.es\/wp-content\/uploads\/2026\/02\/kit-digital.png\",\"contentUrl\":\"https:\/\/www.cuerpocuerpo.es\/wp-content\/uploads\/2026\/02\/kit-digital.png\"},{\"@type\":\"BreadcrumbList\",\"@id\":\"https:\/\/www.cuerpocuerpo.es\/contacto\/#breadcrumb\",\"itemListElement\":[{\"@type\":\"ListItem\",\"position\":1,\"name\":\"Portada\",\"item\":\"https:\/\/www.cuerpocuerpo.es\/\"},{\"@type\":\"ListItem\",\"position\":2,\"name\":\"Contacto\"}]},{\"@type\":\"WebSite\",\"@id\":\"https:\/\/www.cuerpocuerpo.es\/#website\",\"url\":\"https:\/\/www.cuerpocuerpo.es\/\",\"name\":\"Colectivo CuerpoCuerpo\",\"description\":\"Exploramos nuevas formas de creaci\u00f3n art\u00edstica y de relaci\u00f3n con el contexto cultural\",\"publisher\":{\"@id\":\"https:\/\/www.cuerpocuerpo.es\/#organization\"},\"alternateName\":\"Colectivo art\u00edstico\",\"potentialAction\":[{\"@type\":\"SearchAction\",\"target\":{\"@type\":\"EntryPoint\",\"urlTemplate\":\"https:\/\/www.cuerpocuerpo.es\/?s={search_term_string}\"},\"query-input\":{\"@type\":\"PropertyValueSpecification\",\"valueRequired\":true,\"valueName\":\"search_term_string\"}}],\"inLanguage\":\"en-GB\"},{\"@type\":\"Organization\",\"@id\":\"https:\/\/www.cuerpocuerpo.es\/#organization\",\"name\":\"CuerpoCuerpo\",\"url\":\"https:\/\/www.cuerpocuerpo.es\/\",\"logo\":{\"@type\":\"ImageObject\",\"inLanguage\":\"en-GB\",\"@id\":\"https:\/\/www.cuerpocuerpo.es\/#\/schema\/logo\/image\/\",\"url\":\"https:\/\/www.cuerpocuerpo.es\/wp-content\/uploads\/2025\/01\/logotipo_cuerpocuerpo.png\",\"contentUrl\":\"https:\/\/www.cuerpocuerpo.es\/wp-content\/uploads\/2025\/01\/logotipo_cuerpocuerpo.png\",\"width\":699,\"height\":130,\"caption\":\"CuerpoCuerpo\"},\"image\":{\"@id\":\"https:\/\/www.cuerpocuerpo.es\/#\/schema\/logo\/image\/\"}}]}<\/script>\n<!-- \/ Yoast SEO plugin. -->","yoast_head_json":{"title":"Contacto | CuerpoCuerpo","robots":{"index":"noindex","follow":"nofollow"},"og_locale":"en_GB","og_type":"article","og_title":"Contacto | CuerpoCuerpo","og_description":"Puedes contactarnos a trav\u00e9s de nuestro correo info@cuerpocuerpo.es o s\u00edguenos en @cuerpo_cuerpo","og_url":"https:\/\/www.cuerpocuerpo.es\/en\/contacto\/","og_site_name":"CuerpoCuerpo","article_modified_time":"2026-02-19T16:57:22+00:00","og_image":[{"url":"https:\/\/www.cuerpocuerpo.es\/wp-content\/uploads\/2026\/02\/kit-digital.png","type":"","width":"","height":""}],"twitter_card":"summary_large_image","twitter_misc":{"Estimated reading time":"1 minute"},"schema":{"@context":"https:\/\/schema.org","@graph":[{"@type":"WebPage","@id":"https:\/\/www.cuerpocuerpo.es\/contacto\/","url":"https:\/\/www.cuerpocuerpo.es\/contacto\/","name":"Contacto | CuerpoCuerpo","isPartOf":{"@id":"https:\/\/www.cuerpocuerpo.es\/#website"},"primaryImageOfPage":{"@id":"https:\/\/www.cuerpocuerpo.es\/contacto\/#primaryimage"},"image":{"@id":"https:\/\/www.cuerpocuerpo.es\/contacto\/#primaryimage"},"thumbnailUrl":"https:\/\/www.cuerpocuerpo.es\/wp-content\/uploads\/2026\/02\/kit-digital.png","datePublished":"2025-01-20T14:53:40+00:00","dateModified":"2026-02-19T16:57:22+00:00","breadcrumb":{"@id":"https:\/\/www.cuerpocuerpo.es\/contacto\/#breadcrumb"},"inLanguage":"en-GB","potentialAction":[{"@type":"ReadAction","target":["https:\/\/www.cuerpocuerpo.es\/contacto\/"]}]},{"@type":"ImageObject","inLanguage":"en-GB","@id":"https:\/\/www.cuerpocuerpo.es\/contacto\/#primaryimage","url":"https:\/\/www.cuerpocuerpo.es\/wp-content\/uploads\/2026\/02\/kit-digital.png","contentUrl":"https:\/\/www.cuerpocuerpo.es\/wp-content\/uploads\/2026\/02\/kit-digital.png"},{"@type":"BreadcrumbList","@id":"https:\/\/www.cuerpocuerpo.es\/contacto\/#breadcrumb","itemListElement":[{"@type":"ListItem","position":1,"name":"Portada","item":"https:\/\/www.cuerpocuerpo.es\/"},{"@type":"ListItem","position":2,"name":"Contacto"}]},{"@type":"WebSite","@id":"https:\/\/www.cuerpocuerpo.es\/#website","url":"https:\/\/www.cuerpocuerpo.es\/","name":"Colectivo CuerpoCuerpo","description":"Exploramos nuevas formas de creaci\u00f3n art\u00edstica y de relaci\u00f3n con el contexto cultural","publisher":{"@id":"https:\/\/www.cuerpocuerpo.es\/#organization"},"alternateName":"Colectivo art\u00edstico","potentialAction":[{"@type":"SearchAction","target":{"@type":"EntryPoint","urlTemplate":"https:\/\/www.cuerpocuerpo.es\/?s={search_term_string}"},"query-input":{"@type":"PropertyValueSpecification","valueRequired":true,"valueName":"search_term_string"}}],"inLanguage":"en-GB"},{"@type":"Organization","@id":"https:\/\/www.cuerpocuerpo.es\/#organization","name":"CuerpoCuerpo","url":"https:\/\/www.cuerpocuerpo.es\/","logo":{"@type":"ImageObject","inLanguage":"en-GB","@id":"https:\/\/www.cuerpocuerpo.es\/#\/schema\/logo\/image\/","url":"https:\/\/www.cuerpocuerpo.es\/wp-content\/uploads\/2025\/01\/logotipo_cuerpocuerpo.png","contentUrl":"https:\/\/www.cuerpocuerpo.es\/wp-content\/uploads\/2025\/01\/logotipo_cuerpocuerpo.png","width":699,"height":130,"caption":"CuerpoCuerpo"},"image":{"@id":"https:\/\/www.cuerpocuerpo.es\/#\/schema\/logo\/image\/"}}]}},"_links":{"self":[{"href":"https:\/\/www.cuerpocuerpo.es\/en\/wp-json\/wp\/v2\/pages\/36","targetHints":{"allow":["GET"]}}],"collection":[{"href":"https:\/\/www.cuerpocuerpo.es\/en\/wp-json\/wp\/v2\/pages"}],"about":[{"href":"https:\/\/www.cuerpocuerpo.es\/en\/wp-json\/wp\/v2\/types\/page"}],"author":[{"embeddable":true,"href":"https:\/\/www.cuerpocuerpo.es\/en\/wp-json\/wp\/v2\/users\/1"}],"replies":[{"embeddable":true,"href":"https:\/\/www.cuerpocuerpo.es\/en\/wp-json\/wp\/v2\/comments?post=36"}],"version-history":[{"count":67,"href":"https:\/\/www.cuerpocuerpo.es\/en\/wp-json\/wp\/v2\/pages\/36\/revisions"}],"predecessor-version":[{"id":1382,"href":"https:\/\/www.cuerpocuerpo.es\/en\/wp-json\/wp\/v2\/pages\/36\/revisions\/1382"}],"wp:attachment":[{"href":"https:\/\/www.cuerpocuerpo.es\/en\/wp-json\/wp\/v2\/media?parent=36"}],"curies":[{"name":"wp","href":"https:\/\/api.w.org\/{rel}","templated":true}]}}