{"id":34,"date":"2025-01-20T15:49:22","date_gmt":"2025-01-20T14:49:22","guid":{"rendered":"https:\/\/www.cuerpocuerpo.es\/?page_id=34"},"modified":"2025-03-05T16:28:16","modified_gmt":"2025-03-05T15:28:16","slug":"lado-b-proceso","status":"publish","type":"page","link":"https:\/\/www.cuerpocuerpo.es\/en\/lado-b-proceso\/","title":{"rendered":"Lado B"},"content":{"rendered":"<div data-elementor-type=\"wp-page\" data-elementor-id=\"34\" class=\"elementor elementor-34\">\n\t\t\t\t<div class=\"elementor-element elementor-element-12eec6f e-flex e-con-boxed wpr-particle-no wpr-jarallax-no wpr-parallax-no wpr-sticky-section-no e-con e-parent\" data-id=\"12eec6f\" data-element_type=\"container\" data-e-type=\"container\">\n\t\t\t\t\t<div class=\"e-con-inner\">\n\t\t<div class=\"elementor-element elementor-element-410d6eb e-con-full e-flex wpr-particle-no wpr-jarallax-no wpr-parallax-no wpr-sticky-section-no elementor-invisible e-con e-child\" data-id=\"410d6eb\" data-element_type=\"container\" data-e-type=\"container\" data-settings=\"{&quot;animation&quot;:&quot;fadeIn&quot;}\">\n\t\t<div class=\"elementor-element elementor-element-7b766e6 e-con-full e-flex wpr-particle-no wpr-jarallax-no wpr-parallax-no wpr-sticky-section-no e-con e-child\" data-id=\"7b766e6\" data-element_type=\"container\" data-e-type=\"container\">\n\t\t\t\t<div class=\"elementor-element elementor-element-94e72ea elementor-widget elementor-widget-heading\" data-id=\"94e72ea\" data-element_type=\"widget\" data-e-type=\"widget\" data-widget_type=\"heading.default\">\n\t\t\t\t<div class=\"elementor-widget-container\">\n\t\t\t\t\t<h2 class=\"elementor-heading-title elementor-size-default\">The logic of production generally leads us to show the result and leave the process more hidden.<\/h2>\t\t\t\t<\/div>\n\t\t\t\t<\/div>\n\t\t\t\t<div class=\"elementor-element elementor-element-d0ca759 elementor-widget elementor-widget-text-editor\" data-id=\"d0ca759\" data-element_type=\"widget\" data-e-type=\"widget\" data-widget_type=\"text-editor.default\">\n\t\t\t\t<div class=\"elementor-widget-container\">\n\t\t\t\t\t\t\t\t\t<p>For us, the processes we maintain within the collective are as vital as those we carry out with other people. We believe that just as we archive finished projects, it is important to record in different ways everything that happens in the meantime. We find that when we are together designing a new project or reflecting on our practices, materials emerge in a humorous way that amuse us, but do not fit into productivist forms. Ideas, images, and proposals that we have started to call Lado B, which we wanted to begin collecting and sharing.<\/p>\t\t\t\t\t\t\t\t<\/div>\n\t\t\t\t<\/div>\n\t\t\t\t<\/div>\n\t\t\t\t<\/div>\n\t\t\t\t\t<\/div>\n\t\t\t\t<\/div>\n\t\t<div class=\"elementor-element elementor-element-709af404 e-flex e-con-boxed wpr-particle-no wpr-jarallax-no wpr-parallax-no wpr-sticky-section-no e-con e-parent\" data-id=\"709af404\" data-element_type=\"container\" data-e-type=\"container\" data-settings=\"{&quot;background_background&quot;:&quot;classic&quot;}\">\n\t\t\t\t\t<div class=\"e-con-inner\">\n\t\t<div class=\"elementor-element elementor-element-18337f76 e-con-full e-flex wpr-particle-no wpr-jarallax-no wpr-parallax-no wpr-sticky-section-no e-con e-child\" data-id=\"18337f76\" data-element_type=\"container\" data-e-type=\"container\">\n\t\t<div class=\"elementor-element elementor-element-4f72dd41 e-con-full e-flex wpr-particle-no wpr-jarallax-no wpr-parallax-no wpr-sticky-section-no e-con e-child\" data-id=\"4f72dd41\" data-element_type=\"container\" data-e-type=\"container\">\n\t\t\t\t<div class=\"elementor-element elementor-element-6fa8042e elementor-widget elementor-widget-text-editor\" data-id=\"6fa8042e\" data-element_type=\"widget\" data-e-type=\"widget\" data-widget_type=\"text-editor.default\">\n\t\t\t\t<div class=\"elementor-widget-container\">\n\t\t\t\t\t\t\t\t\t<p><mark style=\"background-color: black; padding: 2px 5px; color: white;\">Go to<\/mark><br \/><mark style=\"background-color: black; padding: 2px 5px; color: white;\">projects<\/mark><\/p>\t\t\t\t\t\t\t\t<\/div>\n\t\t\t\t<\/div>\n\t\t\t\t<div class=\"elementor-element elementor-element-4d3b8a98 elementor-view-default elementor-widget elementor-widget-icon\" data-id=\"4d3b8a98\" data-element_type=\"widget\" data-e-type=\"widget\" data-widget_type=\"icon.default\">\n\t\t\t\t<div class=\"elementor-widget-container\">\n\t\t\t\t\t\t\t<div class=\"elementor-icon-wrapper\">\n\t\t\t<div class=\"elementor-icon\">\n\t\t\t<svg xmlns=\"http:\/\/www.w3.org\/2000\/svg\" xmlns:xlink=\"http:\/\/www.w3.org\/1999\/xlink\" id=\"Capa_1\" x=\"0px\" y=\"0px\" viewbox=\"0 0 50 50\" style=\"enable-background:new 0 0 50 50;\" xml:space=\"preserve\"><style type=\"text\/css\">\t.st0{fill:none;stroke:#000000;stroke-width:2;stroke-miterlimit:10;}<\/style><line class=\"st0\" x1=\"1\" y1=\"1\" x2=\"49\" y2=\"49\"><\/line><polyline class=\"st0\" points=\"48.8,0.5 48.8,48.8 0.5,48.8 \"><\/polyline><\/svg>\t\t\t<\/div>\n\t\t<\/div>\n\t\t\t\t\t\t<\/div>\n\t\t\t\t<\/div>\n\t\t\t\t<\/div>\n\t\t<div class=\"elementor-element elementor-element-68ae2d5f e-con-full elementor-hidden-desktop elementor-hidden-tablet elementor-hidden-mobile e-flex wpr-particle-no wpr-jarallax-no wpr-parallax-no wpr-sticky-section-no e-con e-child\" data-id=\"68ae2d5f\" data-element_type=\"container\" data-e-type=\"container\">\n\t\t\t\t<div class=\"elementor-element elementor-element-6ab9afdd elementor-widget elementor-widget-heading\" data-id=\"6ab9afdd\" data-element_type=\"widget\" data-e-type=\"widget\" data-widget_type=\"heading.default\">\n\t\t\t\t<div class=\"elementor-widget-container\">\n\t\t\t\t\t<h3 class=\"elementor-heading-title elementor-size-default\">Trabajos vinculados con instituciones culturales<\/h3>\t\t\t\t<\/div>\n\t\t\t\t<\/div>\n\t\t\t\t<\/div>\n\t\t\t\t<\/div>\n\t\t\t\t\t<\/div>\n\t\t\t\t<\/div>\n\t\t\t\t<\/div>","protected":false},"excerpt":{"rendered":"<p>Las l\u00f3gicas de la producci\u00f3n generalmente nos llevan a mostrar el resultado y dejar m\u00e1s oculto el proceso. Para nosotras, los procesos que mantenemos a la interna del colectivo son tan vitales como los que llevamos a cabo con otras personas. Creemos que as\u00ed como se archivan los proyectos terminados, es importante registrar de diversas maneras todo lo que sucede mientras, nuestro proceso. Descubrimos que cuando estamos reunidas dise\u00f1ando un nuevo proyecto o reflexionando sobre nuestras pr\u00e1cticas, surgen materiales en una faceta humor\u00edstica que nos divierten, pero que no se acoplan a formas productivistas. Ideas, im\u00e1genes y propuestas que empezamos a llamar Lado B, y que quisimos empezar a recopilar y compartir. Ir aproyectos Trabajos vinculados con instituciones culturales<\/p>","protected":false},"author":1,"featured_media":0,"parent":0,"menu_order":0,"comment_status":"closed","ping_status":"closed","template":"elementor_header_footer","meta":{"footnotes":""},"class_list":["post-34","page","type-page","status-publish","hentry"],"yoast_head":"<!-- This site is optimized with the Yoast SEO plugin v27.0 - https:\/\/yoast.com\/product\/yoast-seo-wordpress\/ -->\n<title>Lado B - Proceso | CuerpoCuerpo<\/title>\n<meta name=\"description\" content=\"Creemos que as\u00ed como se archivan los proyectos terminados, es importante registrar de diversas maneras todo lo que sucede en el proceso.\" \/>\n<meta name=\"robots\" content=\"index, follow, max-snippet:-1, max-image-preview:large, max-video-preview:-1\" \/>\n<link rel=\"canonical\" href=\"https:\/\/www.cuerpocuerpo.es\/en\/lado-b-proceso\/\" \/>\n<meta property=\"og:locale\" content=\"en_GB\" \/>\n<meta property=\"og:type\" content=\"article\" \/>\n<meta property=\"og:title\" content=\"Lado B - Proceso | CuerpoCuerpo\" \/>\n<meta property=\"og:description\" content=\"Creemos que as\u00ed como se archivan los proyectos terminados, es importante registrar de diversas maneras todo lo que sucede en el proceso.\" \/>\n<meta property=\"og:url\" content=\"https:\/\/www.cuerpocuerpo.es\/en\/lado-b-proceso\/\" \/>\n<meta property=\"og:site_name\" content=\"CuerpoCuerpo\" \/>\n<meta property=\"article:modified_time\" content=\"2025-03-05T15:28:16+00:00\" \/>\n<meta name=\"twitter:card\" content=\"summary_large_image\" \/>\n<meta name=\"twitter:label1\" content=\"Estimated reading time\" \/>\n\t<meta name=\"twitter:data1\" content=\"1 minute\" \/>\n<script type=\"application\/ld+json\" class=\"yoast-schema-graph\">{\"@context\":\"https:\/\/schema.org\",\"@graph\":[{\"@type\":\"WebPage\",\"@id\":\"https:\/\/www.cuerpocuerpo.es\/lado-b-proceso\/\",\"url\":\"https:\/\/www.cuerpocuerpo.es\/lado-b-proceso\/\",\"name\":\"Lado B - Proceso | CuerpoCuerpo\",\"isPartOf\":{\"@id\":\"https:\/\/www.cuerpocuerpo.es\/#website\"},\"datePublished\":\"2025-01-20T14:49:22+00:00\",\"dateModified\":\"2025-03-05T15:28:16+00:00\",\"description\":\"Creemos que as\u00ed como se archivan los proyectos terminados, es importante registrar de diversas maneras todo lo que sucede en el proceso.\",\"breadcrumb\":{\"@id\":\"https:\/\/www.cuerpocuerpo.es\/lado-b-proceso\/#breadcrumb\"},\"inLanguage\":\"en-GB\",\"potentialAction\":[{\"@type\":\"ReadAction\",\"target\":[\"https:\/\/www.cuerpocuerpo.es\/lado-b-proceso\/\"]}]},{\"@type\":\"BreadcrumbList\",\"@id\":\"https:\/\/www.cuerpocuerpo.es\/lado-b-proceso\/#breadcrumb\",\"itemListElement\":[{\"@type\":\"ListItem\",\"position\":1,\"name\":\"Portada\",\"item\":\"https:\/\/www.cuerpocuerpo.es\/\"},{\"@type\":\"ListItem\",\"position\":2,\"name\":\"Lado B\"}]},{\"@type\":\"WebSite\",\"@id\":\"https:\/\/www.cuerpocuerpo.es\/#website\",\"url\":\"https:\/\/www.cuerpocuerpo.es\/\",\"name\":\"Colectivo CuerpoCuerpo\",\"description\":\"Exploramos nuevas formas de creaci\u00f3n art\u00edstica y de relaci\u00f3n con el contexto cultural\",\"publisher\":{\"@id\":\"https:\/\/www.cuerpocuerpo.es\/#organization\"},\"alternateName\":\"Colectivo art\u00edstico\",\"potentialAction\":[{\"@type\":\"SearchAction\",\"target\":{\"@type\":\"EntryPoint\",\"urlTemplate\":\"https:\/\/www.cuerpocuerpo.es\/?s={search_term_string}\"},\"query-input\":{\"@type\":\"PropertyValueSpecification\",\"valueRequired\":true,\"valueName\":\"search_term_string\"}}],\"inLanguage\":\"en-GB\"},{\"@type\":\"Organization\",\"@id\":\"https:\/\/www.cuerpocuerpo.es\/#organization\",\"name\":\"CuerpoCuerpo\",\"url\":\"https:\/\/www.cuerpocuerpo.es\/\",\"logo\":{\"@type\":\"ImageObject\",\"inLanguage\":\"en-GB\",\"@id\":\"https:\/\/www.cuerpocuerpo.es\/#\/schema\/logo\/image\/\",\"url\":\"https:\/\/www.cuerpocuerpo.es\/wp-content\/uploads\/2025\/01\/logotipo_cuerpocuerpo.png\",\"contentUrl\":\"https:\/\/www.cuerpocuerpo.es\/wp-content\/uploads\/2025\/01\/logotipo_cuerpocuerpo.png\",\"width\":699,\"height\":130,\"caption\":\"CuerpoCuerpo\"},\"image\":{\"@id\":\"https:\/\/www.cuerpocuerpo.es\/#\/schema\/logo\/image\/\"}}]}<\/script>\n<!-- \/ Yoast SEO plugin. -->","yoast_head_json":{"title":"Lado B - Proceso | CuerpoCuerpo","description":"Creemos que as\u00ed como se archivan los proyectos terminados, es importante registrar de diversas maneras todo lo que sucede en el proceso.","robots":{"index":"index","follow":"follow","max-snippet":"max-snippet:-1","max-image-preview":"max-image-preview:large","max-video-preview":"max-video-preview:-1"},"canonical":"https:\/\/www.cuerpocuerpo.es\/en\/lado-b-proceso\/","og_locale":"en_GB","og_type":"article","og_title":"Lado B - Proceso | CuerpoCuerpo","og_description":"Creemos que as\u00ed como se archivan los proyectos terminados, es importante registrar de diversas maneras todo lo que sucede en el proceso.","og_url":"https:\/\/www.cuerpocuerpo.es\/en\/lado-b-proceso\/","og_site_name":"CuerpoCuerpo","article_modified_time":"2025-03-05T15:28:16+00:00","twitter_card":"summary_large_image","twitter_misc":{"Estimated reading time":"1 minute"},"schema":{"@context":"https:\/\/schema.org","@graph":[{"@type":"WebPage","@id":"https:\/\/www.cuerpocuerpo.es\/lado-b-proceso\/","url":"https:\/\/www.cuerpocuerpo.es\/lado-b-proceso\/","name":"Lado B - Proceso | CuerpoCuerpo","isPartOf":{"@id":"https:\/\/www.cuerpocuerpo.es\/#website"},"datePublished":"2025-01-20T14:49:22+00:00","dateModified":"2025-03-05T15:28:16+00:00","description":"Creemos que as\u00ed como se archivan los proyectos terminados, es importante registrar de diversas maneras todo lo que sucede en el proceso.","breadcrumb":{"@id":"https:\/\/www.cuerpocuerpo.es\/lado-b-proceso\/#breadcrumb"},"inLanguage":"en-GB","potentialAction":[{"@type":"ReadAction","target":["https:\/\/www.cuerpocuerpo.es\/lado-b-proceso\/"]}]},{"@type":"BreadcrumbList","@id":"https:\/\/www.cuerpocuerpo.es\/lado-b-proceso\/#breadcrumb","itemListElement":[{"@type":"ListItem","position":1,"name":"Portada","item":"https:\/\/www.cuerpocuerpo.es\/"},{"@type":"ListItem","position":2,"name":"Lado B"}]},{"@type":"WebSite","@id":"https:\/\/www.cuerpocuerpo.es\/#website","url":"https:\/\/www.cuerpocuerpo.es\/","name":"Colectivo CuerpoCuerpo","description":"Exploramos nuevas formas de creaci\u00f3n art\u00edstica y de relaci\u00f3n con el contexto cultural","publisher":{"@id":"https:\/\/www.cuerpocuerpo.es\/#organization"},"alternateName":"Colectivo art\u00edstico","potentialAction":[{"@type":"SearchAction","target":{"@type":"EntryPoint","urlTemplate":"https:\/\/www.cuerpocuerpo.es\/?s={search_term_string}"},"query-input":{"@type":"PropertyValueSpecification","valueRequired":true,"valueName":"search_term_string"}}],"inLanguage":"en-GB"},{"@type":"Organization","@id":"https:\/\/www.cuerpocuerpo.es\/#organization","name":"CuerpoCuerpo","url":"https:\/\/www.cuerpocuerpo.es\/","logo":{"@type":"ImageObject","inLanguage":"en-GB","@id":"https:\/\/www.cuerpocuerpo.es\/#\/schema\/logo\/image\/","url":"https:\/\/www.cuerpocuerpo.es\/wp-content\/uploads\/2025\/01\/logotipo_cuerpocuerpo.png","contentUrl":"https:\/\/www.cuerpocuerpo.es\/wp-content\/uploads\/2025\/01\/logotipo_cuerpocuerpo.png","width":699,"height":130,"caption":"CuerpoCuerpo"},"image":{"@id":"https:\/\/www.cuerpocuerpo.es\/#\/schema\/logo\/image\/"}}]}},"_links":{"self":[{"href":"https:\/\/www.cuerpocuerpo.es\/en\/wp-json\/wp\/v2\/pages\/34","targetHints":{"allow":["GET"]}}],"collection":[{"href":"https:\/\/www.cuerpocuerpo.es\/en\/wp-json\/wp\/v2\/pages"}],"about":[{"href":"https:\/\/www.cuerpocuerpo.es\/en\/wp-json\/wp\/v2\/types\/page"}],"author":[{"embeddable":true,"href":"https:\/\/www.cuerpocuerpo.es\/en\/wp-json\/wp\/v2\/users\/1"}],"replies":[{"embeddable":true,"href":"https:\/\/www.cuerpocuerpo.es\/en\/wp-json\/wp\/v2\/comments?post=34"}],"version-history":[{"count":67,"href":"https:\/\/www.cuerpocuerpo.es\/en\/wp-json\/wp\/v2\/pages\/34\/revisions"}],"predecessor-version":[{"id":1185,"href":"https:\/\/www.cuerpocuerpo.es\/en\/wp-json\/wp\/v2\/pages\/34\/revisions\/1185"}],"wp:attachment":[{"href":"https:\/\/www.cuerpocuerpo.es\/en\/wp-json\/wp\/v2\/media?parent=34"}],"curies":[{"name":"wp","href":"https:\/\/api.w.org\/{rel}","templated":true}]}}