{"id":32,"date":"2025-01-20T15:46:13","date_gmt":"2025-01-20T14:46:13","guid":{"rendered":"https:\/\/www.cuerpocuerpo.es\/?page_id=32"},"modified":"2025-03-05T16:27:19","modified_gmt":"2025-03-05T15:27:19","slug":"que-ofrecemos","status":"publish","type":"page","link":"https:\/\/www.cuerpocuerpo.es\/en\/que-ofrecemos\/","title":{"rendered":"What we offer"},"content":{"rendered":"<div data-elementor-type=\"wp-page\" data-elementor-id=\"32\" class=\"elementor elementor-32\">\n\t\t\t\t<div class=\"elementor-element elementor-element-d36afe6 e-flex e-con-boxed wpr-particle-no wpr-jarallax-no wpr-parallax-no wpr-sticky-section-no e-con e-parent\" data-id=\"d36afe6\" data-element_type=\"container\" data-e-type=\"container\">\n\t\t\t\t\t<div class=\"e-con-inner\">\n\t\t<div class=\"elementor-element elementor-element-9749e68 e-con-full e-flex wpr-particle-no wpr-jarallax-no wpr-parallax-no wpr-sticky-section-no e-con e-child\" data-id=\"9749e68\" data-element_type=\"container\" data-e-type=\"container\">\n\t\t<div class=\"elementor-element elementor-element-5f5f623 e-con-full e-flex wpr-particle-no wpr-jarallax-no wpr-parallax-no wpr-sticky-section-no e-con e-child\" data-id=\"5f5f623\" data-element_type=\"container\" data-e-type=\"container\">\n\t\t\t\t<div class=\"elementor-element elementor-element-a26f8b1 elementor-widget elementor-widget-heading\" data-id=\"a26f8b1\" data-element_type=\"widget\" data-e-type=\"widget\" data-widget_type=\"heading.default\">\n\t\t\t\t<div class=\"elementor-widget-container\">\n\t\t\t\t\t<h2 class=\"elementor-heading-title elementor-size-default\">Training for teachers and educators<\/h2>\t\t\t\t<\/div>\n\t\t\t\t<\/div>\n\t\t\t\t<div class=\"elementor-element elementor-element-7f20763 elementor-widget elementor-widget-text-editor\" data-id=\"7f20763\" data-element_type=\"widget\" data-e-type=\"widget\" data-widget_type=\"text-editor.default\">\n\t\t\t\t<div class=\"elementor-widget-container\">\n\t\t\t\t\t\t\t\t\t<p>Aimed at education professionals interested in deepening the links between art, education, corporealities, and technologies. We provide support in planning artistic-pedagogical activities and offer various resources.<\/p>\t\t\t\t\t\t\t\t<\/div>\n\t\t\t\t<\/div>\n\t\t\t\t<\/div>\n\t\t\t\t<\/div>\n\t\t\t\t\t<\/div>\n\t\t\t\t<\/div>\n\t\t<div class=\"elementor-element elementor-element-13ffb91 e-flex e-con-boxed wpr-particle-no wpr-jarallax-no wpr-parallax-no wpr-sticky-section-no e-con e-parent\" data-id=\"13ffb91\" data-element_type=\"container\" data-e-type=\"container\">\n\t\t\t\t\t<div class=\"e-con-inner\">\n\t\t<div class=\"elementor-element elementor-element-bfd1e52 e-con-full e-flex wpr-particle-no wpr-jarallax-no wpr-parallax-no wpr-sticky-section-no e-con e-child\" data-id=\"bfd1e52\" data-element_type=\"container\" data-e-type=\"container\">\n\t\t<div class=\"elementor-element elementor-element-a7b0750 e-con-full e-flex wpr-particle-no wpr-jarallax-no wpr-parallax-no wpr-sticky-section-no e-con e-child\" data-id=\"a7b0750\" data-element_type=\"container\" data-e-type=\"container\">\n\t\t\t\t<div class=\"elementor-element elementor-element-bf86953 elementor-widget elementor-widget-heading\" data-id=\"bf86953\" data-element_type=\"widget\" data-e-type=\"widget\" data-widget_type=\"heading.default\">\n\t\t\t\t<div class=\"elementor-widget-container\">\n\t\t\t\t\t<h2 class=\"elementor-heading-title elementor-size-default\">Artistic - Educational projects<\/h2>\t\t\t\t<\/div>\n\t\t\t\t<\/div>\n\t\t\t\t<div class=\"elementor-element elementor-element-e449458 elementor-widget elementor-widget-text-editor\" data-id=\"e449458\" data-element_type=\"widget\" data-e-type=\"widget\" data-widget_type=\"text-editor.default\">\n\t\t\t\t<div class=\"elementor-widget-container\">\n\t\t\t\t\t\t\t\t\t<p>Design of activations, mediations, and co-creation workshops in educational institutions, museums, and art centers. Available for short and medium durations.<\/p>\t\t\t\t\t\t\t\t<\/div>\n\t\t\t\t<\/div>\n\t\t\t\t<\/div>\n\t\t\t\t<\/div>\n\t\t\t\t\t<\/div>\n\t\t\t\t<\/div>\n\t\t<div class=\"elementor-element elementor-element-fae0871 e-flex e-con-boxed wpr-particle-no wpr-jarallax-no wpr-parallax-no wpr-sticky-section-no e-con e-parent\" data-id=\"fae0871\" data-element_type=\"container\" data-e-type=\"container\">\n\t\t\t\t\t<div class=\"e-con-inner\">\n\t\t<div class=\"elementor-element elementor-element-97fd156 e-con-full e-flex wpr-particle-no wpr-jarallax-no wpr-parallax-no wpr-sticky-section-no e-con e-child\" data-id=\"97fd156\" data-element_type=\"container\" data-e-type=\"container\">\n\t\t<div class=\"elementor-element elementor-element-8e39921 e-con-full e-flex wpr-particle-no wpr-jarallax-no wpr-parallax-no wpr-sticky-section-no e-con e-child\" data-id=\"8e39921\" data-element_type=\"container\" data-e-type=\"container\">\n\t\t\t\t<div class=\"elementor-element elementor-element-24fc3c1 elementor-widget elementor-widget-heading\" data-id=\"24fc3c1\" data-element_type=\"widget\" data-e-type=\"widget\" data-widget_type=\"heading.default\">\n\t\t\t\t<div class=\"elementor-widget-container\">\n\t\t\t\t\t<h2 class=\"elementor-heading-title elementor-size-default\">Program coordination and contemporary art, education and mediation events<\/h2>\t\t\t\t<\/div>\n\t\t\t\t<\/div>\n\t\t\t\t<div class=\"elementor-element elementor-element-22d68f7 elementor-widget elementor-widget-text-editor\" data-id=\"22d68f7\" data-element_type=\"widget\" data-e-type=\"widget\" data-widget_type=\"text-editor.default\">\n\t\t\t\t<div class=\"elementor-widget-container\">\n\t\t\t\t\t\t\t\t\t<p>Creation and development of mediation processes relevant to different audiences and\/or groups. These programs can be medium to long term.<\/p>\t\t\t\t\t\t\t\t<\/div>\n\t\t\t\t<\/div>\n\t\t\t\t<\/div>\n\t\t\t\t<\/div>\n\t\t\t\t\t<\/div>\n\t\t\t\t<\/div>\n\t\t<div class=\"elementor-element elementor-element-4618e92 e-flex e-con-boxed wpr-particle-no wpr-jarallax-no wpr-parallax-no wpr-sticky-section-no e-con e-parent\" data-id=\"4618e92\" data-element_type=\"container\" data-e-type=\"container\">\n\t\t\t\t\t<div class=\"e-con-inner\">\n\t\t<div class=\"elementor-element elementor-element-e6ed9e1 e-con-full e-flex wpr-particle-no wpr-jarallax-no wpr-parallax-no wpr-sticky-section-no e-con e-child\" data-id=\"e6ed9e1\" data-element_type=\"container\" data-e-type=\"container\">\n\t\t<div class=\"elementor-element elementor-element-aad1733 e-con-full e-flex wpr-particle-no wpr-jarallax-no wpr-parallax-no wpr-sticky-section-no e-con e-child\" data-id=\"aad1733\" data-element_type=\"container\" data-e-type=\"container\">\n\t\t\t\t<div class=\"elementor-element elementor-element-0f830de elementor-widget elementor-widget-heading\" data-id=\"0f830de\" data-element_type=\"widget\" data-e-type=\"widget\" data-widget_type=\"heading.default\">\n\t\t\t\t<div class=\"elementor-widget-container\">\n\t\t\t\t\t<h2 class=\"elementor-heading-title elementor-size-default\">Consulting<\/h2>\t\t\t\t<\/div>\n\t\t\t\t<\/div>\n\t\t\t\t<div class=\"elementor-element elementor-element-baf3af5 elementor-widget elementor-widget-text-editor\" data-id=\"baf3af5\" data-element_type=\"widget\" data-e-type=\"widget\" data-widget_type=\"text-editor.default\">\n\t\t\t\t<div class=\"elementor-widget-container\">\n\t\t\t\t\t\t\t\t\t<p>Advice and support for artistic, cultural, and educational works and proposals.<\/p>\t\t\t\t\t\t\t\t<\/div>\n\t\t\t\t<\/div>\n\t\t\t\t<\/div>\n\t\t\t\t<\/div>\n\t\t\t\t\t<\/div>\n\t\t\t\t<\/div>\n\t\t<div class=\"elementor-element elementor-element-b713f50 e-flex e-con-boxed wpr-particle-no wpr-jarallax-no wpr-parallax-no wpr-sticky-section-no e-con e-parent\" data-id=\"b713f50\" data-element_type=\"container\" data-e-type=\"container\">\n\t\t\t\t\t<div class=\"e-con-inner\">\n\t\t<div class=\"elementor-element elementor-element-dbce545 e-con-full e-flex wpr-particle-no wpr-jarallax-no wpr-parallax-no wpr-sticky-section-no e-con e-child\" data-id=\"dbce545\" data-element_type=\"container\" data-e-type=\"container\">\n\t\t<div class=\"elementor-element elementor-element-6a5b1f5 e-con-full e-flex wpr-particle-no wpr-jarallax-no wpr-parallax-no wpr-sticky-section-no e-con e-child\" data-id=\"6a5b1f5\" data-element_type=\"container\" data-e-type=\"container\">\n\t\t\t\t<div class=\"elementor-element elementor-element-fa23dc9 elementor-widget elementor-widget-heading\" data-id=\"fa23dc9\" data-element_type=\"widget\" data-e-type=\"widget\" data-widget_type=\"heading.default\">\n\t\t\t\t<div class=\"elementor-widget-container\">\n\t\t\t\t\t<h2 class=\"elementor-heading-title elementor-size-default\">Pedagogical resources design<\/h2>\t\t\t\t<\/div>\n\t\t\t\t<\/div>\n\t\t\t\t<div class=\"elementor-element elementor-element-ec6fc2f elementor-widget elementor-widget-text-editor\" data-id=\"ec6fc2f\" data-element_type=\"widget\" data-e-type=\"widget\" data-widget_type=\"text-editor.default\">\n\t\t\t\t<div class=\"elementor-widget-container\">\n\t\t\t\t\t\t\t\t\t<p>Development of pedagogical materials focused on learning through the body for educational and cultural environments.<\/p>\t\t\t\t\t\t\t\t<\/div>\n\t\t\t\t<\/div>\n\t\t\t\t<\/div>\n\t\t\t\t<\/div>\n\t\t\t\t\t<\/div>\n\t\t\t\t<\/div>\n\t\t<div class=\"elementor-element elementor-element-d5a4494 e-flex e-con-boxed wpr-particle-no wpr-jarallax-no wpr-parallax-no wpr-sticky-section-no e-con e-parent\" data-id=\"d5a4494\" data-element_type=\"container\" data-e-type=\"container\">\n\t\t\t\t\t<div class=\"e-con-inner\">\n\t\t\t\t<div class=\"elementor-element elementor-element-29ae5a1 elementor-widget elementor-widget-image\" data-id=\"29ae5a1\" data-element_type=\"widget\" data-e-type=\"widget\" data-widget_type=\"image.default\">\n\t\t\t\t<div class=\"elementor-widget-container\">\n\t\t\t\t\t\t\t\t\t\t\t\t\t\t\t<img fetchpriority=\"high\" decoding=\"async\" width=\"2000\" height=\"1059\" src=\"https:\/\/www.cuerpocuerpo.es\/wp-content\/uploads\/2025\/02\/queofrecemos.jpg\" class=\"attachment-full size-full wp-image-457\" alt=\"\" srcset=\"https:\/\/www.cuerpocuerpo.es\/wp-content\/uploads\/2025\/02\/queofrecemos.jpg 2000w, https:\/\/www.cuerpocuerpo.es\/wp-content\/uploads\/2025\/02\/queofrecemos-300x159.jpg 300w, https:\/\/www.cuerpocuerpo.es\/wp-content\/uploads\/2025\/02\/queofrecemos-1024x542.jpg 1024w, https:\/\/www.cuerpocuerpo.es\/wp-content\/uploads\/2025\/02\/queofrecemos-768x407.jpg 768w, https:\/\/www.cuerpocuerpo.es\/wp-content\/uploads\/2025\/02\/queofrecemos-1536x813.jpg 1536w, https:\/\/www.cuerpocuerpo.es\/wp-content\/uploads\/2025\/02\/queofrecemos-18x10.jpg 18w\" sizes=\"(max-width: 2000px) 100vw, 2000px\" \/>\t\t\t\t\t\t\t\t\t\t\t\t\t\t\t<\/div>\n\t\t\t\t<\/div>\n\t\t\t\t\t<\/div>\n\t\t\t\t<\/div>\n\t\t\t\t<\/div>","protected":false},"excerpt":{"rendered":"<p>Formaci\u00f3n a docentes y educadorxs Destinadas a profesionales de la educaci\u00f3n interesadxs en profundizar en los v\u00ednculos entre arte, educaci\u00f3n, corporalidades y tecnolog\u00edas. Acompa\u00f1amiento en la planificaci\u00f3n de actividades art\u00edstico-pedag\u00f3gicas y facilitaci\u00f3n de recursos. Proyectos art\u00edstico-educativos Dise\u00f1o de activaciones, mediaciones y talleres de co-creaci\u00f3n en instituciones educativas, museos y centros de arte. De corta y mediana duraci\u00f3n. Coordinaci\u00f3n de programas y ciclos de arte contempor\u00e1neo, educaci\u00f3n y mediaci\u00f3n Creaci\u00f3n y desarrollo de procesos de mediaci\u00f3n en relaci\u00f3n con el contexto dirigido a diferentes p\u00fablicos y\/o colectivos. De mediana y larga duraci\u00f3n. Consultor\u00eda Asesor\u00eda y acompa\u00f1amiento de trabajos y propuestas art\u00edsticas, culturales y educativas. Dise\u00f1o de recursos pedag\u00f3gicos Desarrollo de material pedag\u00f3gico basado en aprendizajes a trav\u00e9s del cuerpo para \u00e1mbitos educativos y culturales.<\/p>","protected":false},"author":1,"featured_media":0,"parent":0,"menu_order":0,"comment_status":"closed","ping_status":"closed","template":"elementor_header_footer","meta":{"footnotes":""},"class_list":["post-32","page","type-page","status-publish","hentry"],"yoast_head":"<!-- This site is optimized with the Yoast SEO plugin v27.0 - https:\/\/yoast.com\/product\/yoast-seo-wordpress\/ -->\n<title>Qu\u00e9 ofrecemos | CuerpoCuerpo<\/title>\n<meta name=\"robots\" content=\"index, follow, max-snippet:-1, max-image-preview:large, max-video-preview:-1\" \/>\n<link rel=\"canonical\" href=\"https:\/\/www.cuerpocuerpo.es\/en\/que-ofrecemos\/\" \/>\n<meta property=\"og:locale\" content=\"en_GB\" \/>\n<meta property=\"og:type\" content=\"article\" \/>\n<meta property=\"og:title\" content=\"Qu\u00e9 ofrecemos | CuerpoCuerpo\" \/>\n<meta property=\"og:description\" content=\"Formaci\u00f3n a docentes y educadorxs Destinadas a profesionales de la educaci\u00f3n interesadxs en profundizar en los v\u00ednculos entre arte, educaci\u00f3n, corporalidades y tecnolog\u00edas. Acompa\u00f1amiento en la planificaci\u00f3n de actividades art\u00edstico-pedag\u00f3gicas y facilitaci\u00f3n de recursos. Proyectos art\u00edstico-educativos Dise\u00f1o de activaciones, mediaciones y talleres de co-creaci\u00f3n en instituciones educativas, museos y centros de arte. De corta y mediana duraci\u00f3n. Coordinaci\u00f3n de programas y ciclos de arte contempor\u00e1neo, educaci\u00f3n y mediaci\u00f3n Creaci\u00f3n y desarrollo de procesos de mediaci\u00f3n en relaci\u00f3n con el contexto dirigido a diferentes p\u00fablicos y\/o colectivos. De mediana y larga duraci\u00f3n. Consultor\u00eda Asesor\u00eda y acompa\u00f1amiento de trabajos y propuestas art\u00edsticas, culturales y educativas. Dise\u00f1o de recursos pedag\u00f3gicos Desarrollo de material pedag\u00f3gico basado en aprendizajes a trav\u00e9s del cuerpo para \u00e1mbitos educativos y culturales.\" \/>\n<meta property=\"og:url\" content=\"https:\/\/www.cuerpocuerpo.es\/en\/que-ofrecemos\/\" \/>\n<meta property=\"og:site_name\" content=\"CuerpoCuerpo\" \/>\n<meta property=\"article:modified_time\" content=\"2025-03-05T15:27:19+00:00\" \/>\n<meta property=\"og:image\" content=\"https:\/\/www.cuerpocuerpo.es\/wp-content\/uploads\/2025\/02\/queofrecemos.jpg\" \/>\n\t<meta property=\"og:image:width\" content=\"2000\" \/>\n\t<meta property=\"og:image:height\" content=\"1059\" \/>\n\t<meta property=\"og:image:type\" content=\"image\/jpeg\" \/>\n<meta name=\"twitter:card\" content=\"summary_large_image\" \/>\n<meta name=\"twitter:label1\" content=\"Estimated reading time\" \/>\n\t<meta name=\"twitter:data1\" content=\"1 minute\" \/>\n<script type=\"application\/ld+json\" class=\"yoast-schema-graph\">{\"@context\":\"https:\/\/schema.org\",\"@graph\":[{\"@type\":\"WebPage\",\"@id\":\"https:\/\/www.cuerpocuerpo.es\/que-ofrecemos\/\",\"url\":\"https:\/\/www.cuerpocuerpo.es\/que-ofrecemos\/\",\"name\":\"Qu\u00e9 ofrecemos | CuerpoCuerpo\",\"isPartOf\":{\"@id\":\"https:\/\/www.cuerpocuerpo.es\/#website\"},\"primaryImageOfPage\":{\"@id\":\"https:\/\/www.cuerpocuerpo.es\/que-ofrecemos\/#primaryimage\"},\"image\":{\"@id\":\"https:\/\/www.cuerpocuerpo.es\/que-ofrecemos\/#primaryimage\"},\"thumbnailUrl\":\"https:\/\/www.cuerpocuerpo.es\/wp-content\/uploads\/2025\/02\/queofrecemos.jpg\",\"datePublished\":\"2025-01-20T14:46:13+00:00\",\"dateModified\":\"2025-03-05T15:27:19+00:00\",\"breadcrumb\":{\"@id\":\"https:\/\/www.cuerpocuerpo.es\/que-ofrecemos\/#breadcrumb\"},\"inLanguage\":\"en-GB\",\"potentialAction\":[{\"@type\":\"ReadAction\",\"target\":[\"https:\/\/www.cuerpocuerpo.es\/que-ofrecemos\/\"]}]},{\"@type\":\"ImageObject\",\"inLanguage\":\"en-GB\",\"@id\":\"https:\/\/www.cuerpocuerpo.es\/que-ofrecemos\/#primaryimage\",\"url\":\"https:\/\/www.cuerpocuerpo.es\/wp-content\/uploads\/2025\/02\/queofrecemos.jpg\",\"contentUrl\":\"https:\/\/www.cuerpocuerpo.es\/wp-content\/uploads\/2025\/02\/queofrecemos.jpg\"},{\"@type\":\"BreadcrumbList\",\"@id\":\"https:\/\/www.cuerpocuerpo.es\/que-ofrecemos\/#breadcrumb\",\"itemListElement\":[{\"@type\":\"ListItem\",\"position\":1,\"name\":\"Portada\",\"item\":\"https:\/\/www.cuerpocuerpo.es\/\"},{\"@type\":\"ListItem\",\"position\":2,\"name\":\"Qu\u00e9 ofrecemos\"}]},{\"@type\":\"WebSite\",\"@id\":\"https:\/\/www.cuerpocuerpo.es\/#website\",\"url\":\"https:\/\/www.cuerpocuerpo.es\/\",\"name\":\"Colectivo CuerpoCuerpo\",\"description\":\"Exploramos nuevas formas de creaci\u00f3n art\u00edstica y de relaci\u00f3n con el contexto cultural\",\"publisher\":{\"@id\":\"https:\/\/www.cuerpocuerpo.es\/#organization\"},\"alternateName\":\"Colectivo art\u00edstico\",\"potentialAction\":[{\"@type\":\"SearchAction\",\"target\":{\"@type\":\"EntryPoint\",\"urlTemplate\":\"https:\/\/www.cuerpocuerpo.es\/?s={search_term_string}\"},\"query-input\":{\"@type\":\"PropertyValueSpecification\",\"valueRequired\":true,\"valueName\":\"search_term_string\"}}],\"inLanguage\":\"en-GB\"},{\"@type\":\"Organization\",\"@id\":\"https:\/\/www.cuerpocuerpo.es\/#organization\",\"name\":\"CuerpoCuerpo\",\"url\":\"https:\/\/www.cuerpocuerpo.es\/\",\"logo\":{\"@type\":\"ImageObject\",\"inLanguage\":\"en-GB\",\"@id\":\"https:\/\/www.cuerpocuerpo.es\/#\/schema\/logo\/image\/\",\"url\":\"https:\/\/www.cuerpocuerpo.es\/wp-content\/uploads\/2025\/01\/logotipo_cuerpocuerpo.png\",\"contentUrl\":\"https:\/\/www.cuerpocuerpo.es\/wp-content\/uploads\/2025\/01\/logotipo_cuerpocuerpo.png\",\"width\":699,\"height\":130,\"caption\":\"CuerpoCuerpo\"},\"image\":{\"@id\":\"https:\/\/www.cuerpocuerpo.es\/#\/schema\/logo\/image\/\"}}]}<\/script>\n<!-- \/ Yoast SEO plugin. -->","yoast_head_json":{"title":"Qu\u00e9 ofrecemos | CuerpoCuerpo","robots":{"index":"index","follow":"follow","max-snippet":"max-snippet:-1","max-image-preview":"max-image-preview:large","max-video-preview":"max-video-preview:-1"},"canonical":"https:\/\/www.cuerpocuerpo.es\/en\/que-ofrecemos\/","og_locale":"en_GB","og_type":"article","og_title":"Qu\u00e9 ofrecemos | CuerpoCuerpo","og_description":"Formaci\u00f3n a docentes y educadorxs Destinadas a profesionales de la educaci\u00f3n interesadxs en profundizar en los v\u00ednculos entre arte, educaci\u00f3n, corporalidades y tecnolog\u00edas. Acompa\u00f1amiento en la planificaci\u00f3n de actividades art\u00edstico-pedag\u00f3gicas y facilitaci\u00f3n de recursos. Proyectos art\u00edstico-educativos Dise\u00f1o de activaciones, mediaciones y talleres de co-creaci\u00f3n en instituciones educativas, museos y centros de arte. De corta y mediana duraci\u00f3n. Coordinaci\u00f3n de programas y ciclos de arte contempor\u00e1neo, educaci\u00f3n y mediaci\u00f3n Creaci\u00f3n y desarrollo de procesos de mediaci\u00f3n en relaci\u00f3n con el contexto dirigido a diferentes p\u00fablicos y\/o colectivos. De mediana y larga duraci\u00f3n. Consultor\u00eda Asesor\u00eda y acompa\u00f1amiento de trabajos y propuestas art\u00edsticas, culturales y educativas. Dise\u00f1o de recursos pedag\u00f3gicos Desarrollo de material pedag\u00f3gico basado en aprendizajes a trav\u00e9s del cuerpo para \u00e1mbitos educativos y culturales.","og_url":"https:\/\/www.cuerpocuerpo.es\/en\/que-ofrecemos\/","og_site_name":"CuerpoCuerpo","article_modified_time":"2025-03-05T15:27:19+00:00","og_image":[{"width":2000,"height":1059,"url":"https:\/\/www.cuerpocuerpo.es\/wp-content\/uploads\/2025\/02\/queofrecemos.jpg","type":"image\/jpeg"}],"twitter_card":"summary_large_image","twitter_misc":{"Estimated reading time":"1 minute"},"schema":{"@context":"https:\/\/schema.org","@graph":[{"@type":"WebPage","@id":"https:\/\/www.cuerpocuerpo.es\/que-ofrecemos\/","url":"https:\/\/www.cuerpocuerpo.es\/que-ofrecemos\/","name":"Qu\u00e9 ofrecemos | CuerpoCuerpo","isPartOf":{"@id":"https:\/\/www.cuerpocuerpo.es\/#website"},"primaryImageOfPage":{"@id":"https:\/\/www.cuerpocuerpo.es\/que-ofrecemos\/#primaryimage"},"image":{"@id":"https:\/\/www.cuerpocuerpo.es\/que-ofrecemos\/#primaryimage"},"thumbnailUrl":"https:\/\/www.cuerpocuerpo.es\/wp-content\/uploads\/2025\/02\/queofrecemos.jpg","datePublished":"2025-01-20T14:46:13+00:00","dateModified":"2025-03-05T15:27:19+00:00","breadcrumb":{"@id":"https:\/\/www.cuerpocuerpo.es\/que-ofrecemos\/#breadcrumb"},"inLanguage":"en-GB","potentialAction":[{"@type":"ReadAction","target":["https:\/\/www.cuerpocuerpo.es\/que-ofrecemos\/"]}]},{"@type":"ImageObject","inLanguage":"en-GB","@id":"https:\/\/www.cuerpocuerpo.es\/que-ofrecemos\/#primaryimage","url":"https:\/\/www.cuerpocuerpo.es\/wp-content\/uploads\/2025\/02\/queofrecemos.jpg","contentUrl":"https:\/\/www.cuerpocuerpo.es\/wp-content\/uploads\/2025\/02\/queofrecemos.jpg"},{"@type":"BreadcrumbList","@id":"https:\/\/www.cuerpocuerpo.es\/que-ofrecemos\/#breadcrumb","itemListElement":[{"@type":"ListItem","position":1,"name":"Portada","item":"https:\/\/www.cuerpocuerpo.es\/"},{"@type":"ListItem","position":2,"name":"Qu\u00e9 ofrecemos"}]},{"@type":"WebSite","@id":"https:\/\/www.cuerpocuerpo.es\/#website","url":"https:\/\/www.cuerpocuerpo.es\/","name":"Colectivo CuerpoCuerpo","description":"Exploramos nuevas formas de creaci\u00f3n art\u00edstica y de relaci\u00f3n con el contexto cultural","publisher":{"@id":"https:\/\/www.cuerpocuerpo.es\/#organization"},"alternateName":"Colectivo art\u00edstico","potentialAction":[{"@type":"SearchAction","target":{"@type":"EntryPoint","urlTemplate":"https:\/\/www.cuerpocuerpo.es\/?s={search_term_string}"},"query-input":{"@type":"PropertyValueSpecification","valueRequired":true,"valueName":"search_term_string"}}],"inLanguage":"en-GB"},{"@type":"Organization","@id":"https:\/\/www.cuerpocuerpo.es\/#organization","name":"CuerpoCuerpo","url":"https:\/\/www.cuerpocuerpo.es\/","logo":{"@type":"ImageObject","inLanguage":"en-GB","@id":"https:\/\/www.cuerpocuerpo.es\/#\/schema\/logo\/image\/","url":"https:\/\/www.cuerpocuerpo.es\/wp-content\/uploads\/2025\/01\/logotipo_cuerpocuerpo.png","contentUrl":"https:\/\/www.cuerpocuerpo.es\/wp-content\/uploads\/2025\/01\/logotipo_cuerpocuerpo.png","width":699,"height":130,"caption":"CuerpoCuerpo"},"image":{"@id":"https:\/\/www.cuerpocuerpo.es\/#\/schema\/logo\/image\/"}}]}},"_links":{"self":[{"href":"https:\/\/www.cuerpocuerpo.es\/en\/wp-json\/wp\/v2\/pages\/32","targetHints":{"allow":["GET"]}}],"collection":[{"href":"https:\/\/www.cuerpocuerpo.es\/en\/wp-json\/wp\/v2\/pages"}],"about":[{"href":"https:\/\/www.cuerpocuerpo.es\/en\/wp-json\/wp\/v2\/types\/page"}],"author":[{"embeddable":true,"href":"https:\/\/www.cuerpocuerpo.es\/en\/wp-json\/wp\/v2\/users\/1"}],"replies":[{"embeddable":true,"href":"https:\/\/www.cuerpocuerpo.es\/en\/wp-json\/wp\/v2\/comments?post=32"}],"version-history":[{"count":37,"href":"https:\/\/www.cuerpocuerpo.es\/en\/wp-json\/wp\/v2\/pages\/32\/revisions"}],"predecessor-version":[{"id":1176,"href":"https:\/\/www.cuerpocuerpo.es\/en\/wp-json\/wp\/v2\/pages\/32\/revisions\/1176"}],"wp:attachment":[{"href":"https:\/\/www.cuerpocuerpo.es\/en\/wp-json\/wp\/v2\/media?parent=32"}],"curies":[{"name":"wp","href":"https:\/\/api.w.org\/{rel}","templated":true}]}}