{"id":12,"date":"2025-01-20T15:35:53","date_gmt":"2025-01-20T14:35:53","guid":{"rendered":"https:\/\/www.cuerpocuerpo.es\/?page_id=12"},"modified":"2025-03-25T15:36:32","modified_gmt":"2025-03-25T14:36:32","slug":"colectivo-artistico","status":"publish","type":"page","link":"https:\/\/www.cuerpocuerpo.es\/en\/","title":{"rendered":"inicio"},"content":{"rendered":"<div data-elementor-type=\"wp-page\" data-elementor-id=\"12\" class=\"elementor elementor-12\">\n\t\t\t\t<div class=\"elementor-element elementor-element-f4c48f7 e-flex e-con-boxed wpr-particle-no wpr-jarallax-no wpr-parallax-no wpr-sticky-section-no e-con e-parent\" data-id=\"f4c48f7\" data-element_type=\"container\" data-e-type=\"container\">\n\t\t\t\t\t<div class=\"e-con-inner\">\n\t\t<div class=\"elementor-element elementor-element-488543e e-con-full e-flex wpr-particle-no wpr-jarallax-no wpr-parallax-no wpr-sticky-section-no e-con e-child\" data-id=\"488543e\" data-element_type=\"container\" data-e-type=\"container\">\n\t\t<div class=\"elementor-element elementor-element-3f58968 e-con-full animated-slow e-flex wpr-particle-no wpr-jarallax-no wpr-parallax-no wpr-sticky-section-no elementor-invisible e-con e-child\" data-id=\"3f58968\" data-element_type=\"container\" data-e-type=\"container\" data-settings=\"{&quot;animation&quot;:&quot;fadeIn&quot;}\">\n\t\t\t\t<div class=\"elementor-element elementor-element-081ba2e elementor-widget elementor-widget-heading\" data-id=\"081ba2e\" data-element_type=\"widget\" data-e-type=\"widget\" data-widget_type=\"heading.default\">\n\t\t\t\t<div class=\"elementor-widget-container\">\n\t\t\t\t\t<h1 class=\"elementor-heading-title elementor-size-default\">Hello! We are Laura, Violeta and Mariana. In 2021, we founded <b>cuerpocuerpo<\/b>, a contemporary artistic and creative collective based in Valencia, Madrid, Buenos Aires and Montevideo.<\/h1>\t\t\t\t<\/div>\n\t\t\t\t<\/div>\n\t\t\t\t<\/div>\n\t\t\t\t<\/div>\n\t\t\t\t\t<\/div>\n\t\t\t\t<\/div>\n\t\t<div class=\"elementor-element elementor-element-9058c9e animated-slow e-flex e-con-boxed wpr-particle-no wpr-jarallax-no wpr-parallax-no wpr-sticky-section-no elementor-invisible e-con e-parent\" data-id=\"9058c9e\" data-element_type=\"container\" data-e-type=\"container\" data-settings=\"{&quot;animation&quot;:&quot;fadeIn&quot;,&quot;animation_delay&quot;:500}\">\n\t\t\t\t\t<div class=\"e-con-inner\">\n\t\t<div class=\"elementor-element elementor-element-cf77a8a e-con-full e-flex wpr-particle-no wpr-jarallax-no wpr-parallax-no wpr-sticky-section-no e-con e-child\" data-id=\"cf77a8a\" data-element_type=\"container\" data-e-type=\"container\">\n\t\t\t\t<div class=\"elementor-element elementor-element-c53ce2b elementor-widget elementor-widget-image\" data-id=\"c53ce2b\" data-element_type=\"widget\" data-e-type=\"widget\" data-widget_type=\"image.default\">\n\t\t\t\t<div class=\"elementor-widget-container\">\n\t\t\t\t\t\t\t\t\t\t\t\t\t\t\t<img fetchpriority=\"high\" decoding=\"async\" width=\"2500\" height=\"1281\" src=\"https:\/\/www.cuerpocuerpo.es\/wp-content\/uploads\/2025\/03\/home.jpg\" class=\"attachment-full size-full wp-image-1272\" alt=\"\" srcset=\"https:\/\/www.cuerpocuerpo.es\/wp-content\/uploads\/2025\/03\/home.jpg 2500w, https:\/\/www.cuerpocuerpo.es\/wp-content\/uploads\/2025\/03\/home-300x154.jpg 300w, https:\/\/www.cuerpocuerpo.es\/wp-content\/uploads\/2025\/03\/home-1024x525.jpg 1024w, https:\/\/www.cuerpocuerpo.es\/wp-content\/uploads\/2025\/03\/home-768x394.jpg 768w, https:\/\/www.cuerpocuerpo.es\/wp-content\/uploads\/2025\/03\/home-1536x787.jpg 1536w, https:\/\/www.cuerpocuerpo.es\/wp-content\/uploads\/2025\/03\/home-2048x1049.jpg 2048w, https:\/\/www.cuerpocuerpo.es\/wp-content\/uploads\/2025\/03\/home-18x9.jpg 18w\" sizes=\"(max-width: 2500px) 100vw, 2500px\" \/>\t\t\t\t\t\t\t\t\t\t\t\t\t\t\t<\/div>\n\t\t\t\t<\/div>\n\t\t\t\t<\/div>\n\t\t\t\t\t<\/div>\n\t\t\t\t<\/div>\n\t\t<div class=\"elementor-element elementor-element-035f897 elementor-hidden-desktop elementor-hidden-tablet elementor-hidden-mobile e-flex e-con-boxed wpr-particle-no wpr-jarallax-no wpr-parallax-no wpr-sticky-section-no e-con e-parent\" data-id=\"035f897\" data-element_type=\"container\" data-e-type=\"container\">\n\t\t\t\t\t<div class=\"e-con-inner\">\n\t\t<div class=\"elementor-element elementor-element-be79825 e-con-full e-flex wpr-particle-no wpr-jarallax-no wpr-parallax-no wpr-sticky-section-no e-con e-child\" data-id=\"be79825\" data-element_type=\"container\" data-e-type=\"container\">\n\t\t<div class=\"elementor-element elementor-element-71b7f9d e-con-full e-flex wpr-particle-no wpr-jarallax-no wpr-parallax-no wpr-sticky-section-no elementor-invisible e-con e-child\" data-id=\"71b7f9d\" data-element_type=\"container\" data-e-type=\"container\" data-settings=\"{&quot;animation&quot;:&quot;fadeIn&quot;,&quot;animation_delay&quot;:500}\">\n\t\t\t\t<div class=\"elementor-element elementor-element-3cdd441 wpr-grid-slider-columns--mobile2 wpr-grid-slider-columns-2 wpr-grid-slider-columns--tablet2 wpr-item-styles-inner elementor-widget elementor-widget-wpr-grid\" data-id=\"3cdd441\" data-element_type=\"widget\" data-e-type=\"widget\" data-settings=\"{&quot;layout_slider_amount_mobile&quot;:&quot;2&quot;,&quot;layout_slider_amount&quot;:2,&quot;layout_slider_amount_tablet&quot;:2,&quot;layout_slides_to_scroll&quot;:1,&quot;layout_slider_loop&quot;:&quot;yes&quot;}\" data-widget_type=\"wpr-grid.default\">\n\t\t\t\t<div class=\"elementor-widget-container\">\n\t\t\t\t\t<section class=\"wpr-grid elementor-clearfix\" dir=\"ltr\" data-slick=\"{&quot;rtl&quot;:false,&quot;infinite&quot;:true,&quot;speed&quot;:700,&quot;arrows&quot;:true,&quot;dots&quot;:true,&quot;autoplay&quot;:false,&quot;autoplaySpeed&quot;:0,&quot;pauseOnHover&quot;:&quot;&quot;,&quot;prevArrow&quot;:&quot;#wpr-grid-slider-prev-3cdd441&quot;,&quot;nextArrow&quot;:&quot;#wpr-grid-slider-next-3cdd441&quot;,&quot;sliderSlidesToScroll&quot;:1,&quot;lightbox&quot;:{&quot;selector&quot;:&quot;article:not(.slick-cloned) .wpr-grid-image-wrap&quot;,&quot;iframeMaxWidth&quot;:&quot;60%&quot;,&quot;hash&quot;:false,&quot;autoplay&quot;:&quot;true&quot;,&quot;pause&quot;:5000,&quot;progressBar&quot;:&quot;true&quot;,&quot;counter&quot;:&quot;true&quot;,&quot;controls&quot;:&quot;true&quot;,&quot;getCaptionFromTitleOrAlt&quot;:&quot;true&quot;,&quot;thumbnail&quot;:&quot;&quot;,&quot;showThumbByDefault&quot;:&quot;&quot;,&quot;share&quot;:&quot;&quot;,&quot;zoom&quot;:&quot;true&quot;,&quot;fullScreen&quot;:&quot;true&quot;,&quot;download&quot;:&quot;true&quot;}}\"><article class=\"wpr-grid-item elementor-clearfix post-898 post type-post status-publish format-standard has-post-thumbnail hentry category-proyectos\"><div class=\"wpr-grid-item-inner\"><div class=\"wpr-grid-media-wrap wpr-effect-size-medium\" data-overlay-link=\"yes\"><div class=\"wpr-grid-image-wrap\" data-src=\"https:\/\/www.cuerpocuerpo.es\/wp-content\/uploads\/2025\/01\/cuerpocuerpo_1.jpg\" data-img-on-hover=\"\"  data-src-secondary=\"\"><img decoding=\"async\" data-no-lazy=\"1\" src=\"https:\/\/www.cuerpocuerpo.es\/wp-content\/uploads\/2025\/01\/cuerpocuerpo_1.jpg\" alt=\"cuerpocuerpo\" class=\"wpr-anim-timing-ease-default\"><\/div><div class=\"wpr-grid-media-hover wpr-animation-wrap\"><div class=\"wpr-grid-media-hover-bg  wpr-overlay-fade-in wpr-anim-size-large wpr-anim-timing-ease-default wpr-anim-transparency\" data-url=\"https:\/\/www.cuerpocuerpo.es\/en\/cuerpocuerpo\/\"><\/div><div class=\"wpr-cv-container\"><div class=\"wpr-cv-outer\"><div class=\"wpr-cv-inner\"><div class=\"wpr-grid-media-hover-middle elementor-clearfix\"><h2 class=\"wpr-grid-item-title elementor-repeater-item-9ca64a5 wpr-grid-item-display-block wpr-grid-item-align-center wpr-element-fade-in wpr-anim-size-large wpr-anim-timing-ease-default wpr-anim-transparency wpr-pointer-none wpr-pointer-line-fx wpr-pointer-fx-fade\"><div class=\"inner-block\"><a target=\"_self\"  href=\"https:\/\/www.cuerpocuerpo.es\/en\/cuerpocuerpo\/\">cuerpocuerpo<\/a><\/div><\/h2><\/div><\/div><\/div><\/div><\/div><\/div><\/div><\/article><article class=\"wpr-grid-item elementor-clearfix post-119 post type-post status-publish format-standard has-post-thumbnail hentry category-proyectos\"><div class=\"wpr-grid-item-inner\"><div class=\"wpr-grid-media-wrap wpr-effect-size-medium\" data-overlay-link=\"yes\"><div class=\"wpr-grid-image-wrap\" data-src=\"https:\/\/www.cuerpocuerpo.es\/wp-content\/uploads\/2025\/03\/residencia-artistica_14.png\" data-img-on-hover=\"\"  data-src-secondary=\"\"><img decoding=\"async\" data-no-lazy=\"1\" src=\"https:\/\/www.cuerpocuerpo.es\/wp-content\/uploads\/2025\/03\/residencia-artistica_14.png\" alt=\"Residencia art\u00edstica en el CEIP Angelina Carnicer\" class=\"wpr-anim-timing-ease-default\"><\/div><div class=\"wpr-grid-media-hover wpr-animation-wrap\"><div class=\"wpr-grid-media-hover-bg  wpr-overlay-fade-in wpr-anim-size-large wpr-anim-timing-ease-default wpr-anim-transparency\" data-url=\"https:\/\/www.cuerpocuerpo.es\/en\/nombre-del-proyecto\/\"><\/div><div class=\"wpr-cv-container\"><div class=\"wpr-cv-outer\"><div class=\"wpr-cv-inner\"><div class=\"wpr-grid-media-hover-middle elementor-clearfix\"><h2 class=\"wpr-grid-item-title elementor-repeater-item-9ca64a5 wpr-grid-item-display-block wpr-grid-item-align-center wpr-element-fade-in wpr-anim-size-large wpr-anim-timing-ease-default wpr-anim-transparency wpr-pointer-none wpr-pointer-line-fx wpr-pointer-fx-fade\"><div class=\"inner-block\"><a target=\"_self\"  href=\"https:\/\/www.cuerpocuerpo.es\/en\/nombre-del-proyecto\/\">Artistic Residence at CEIP Angelina Carnicer<\/a><\/div><\/h2><\/div><\/div><\/div><\/div><\/div><\/div><\/div><\/article><article class=\"wpr-grid-item elementor-clearfix post-359 post type-post status-publish format-standard has-post-thumbnail hentry category-proyectos\"><div class=\"wpr-grid-item-inner\"><div class=\"wpr-grid-media-wrap wpr-effect-size-medium\" data-overlay-link=\"yes\"><div class=\"wpr-grid-image-wrap\" data-src=\"https:\/\/www.cuerpocuerpo.es\/wp-content\/uploads\/2025\/01\/desplazar4.jpg\" data-img-on-hover=\"\"  data-src-secondary=\"\"><img decoding=\"async\" data-no-lazy=\"1\" src=\"https:\/\/www.cuerpocuerpo.es\/wp-content\/uploads\/2025\/01\/desplazar4.jpg\" alt=\"Desplazar\" class=\"wpr-anim-timing-ease-default\"><\/div><div class=\"wpr-grid-media-hover wpr-animation-wrap\"><div class=\"wpr-grid-media-hover-bg  wpr-overlay-fade-in wpr-anim-size-large wpr-anim-timing-ease-default wpr-anim-transparency\" data-url=\"https:\/\/www.cuerpocuerpo.es\/en\/desplazar\/\"><\/div><div class=\"wpr-cv-container\"><div class=\"wpr-cv-outer\"><div class=\"wpr-cv-inner\"><div class=\"wpr-grid-media-hover-middle elementor-clearfix\"><h2 class=\"wpr-grid-item-title elementor-repeater-item-9ca64a5 wpr-grid-item-display-block wpr-grid-item-align-center wpr-element-fade-in wpr-anim-size-large wpr-anim-timing-ease-default wpr-anim-transparency wpr-pointer-none wpr-pointer-line-fx wpr-pointer-fx-fade\"><div class=\"inner-block\"><a target=\"_self\"  href=\"https:\/\/www.cuerpocuerpo.es\/en\/desplazar\/\">Desplazar<\/a><\/div><\/h2><\/div><\/div><\/div><\/div><\/div><\/div><\/div><\/article><article class=\"wpr-grid-item elementor-clearfix post-350 post type-post status-publish format-standard has-post-thumbnail hentry category-proyectos\"><div class=\"wpr-grid-item-inner\"><div class=\"wpr-grid-media-wrap wpr-effect-size-medium\" data-overlay-link=\"yes\"><div class=\"wpr-grid-image-wrap\" data-src=\"https:\/\/www.cuerpocuerpo.es\/wp-content\/uploads\/2025\/01\/cuerpo2.jpg\" data-img-on-hover=\"\"  data-src-secondary=\"\"><img decoding=\"async\" data-no-lazy=\"1\" src=\"https:\/\/www.cuerpocuerpo.es\/wp-content\/uploads\/2025\/01\/cuerpo2.jpg\" alt=\"Quien quiera encontrar el cuerpo, que baile\" class=\"wpr-anim-timing-ease-default\"><\/div><div class=\"wpr-grid-media-hover wpr-animation-wrap\"><div class=\"wpr-grid-media-hover-bg  wpr-overlay-fade-in wpr-anim-size-large wpr-anim-timing-ease-default wpr-anim-transparency\" data-url=\"https:\/\/www.cuerpocuerpo.es\/en\/quien-quiera-encontrar-el-cuerpo-que-baile\/\"><\/div><div class=\"wpr-cv-container\"><div class=\"wpr-cv-outer\"><div class=\"wpr-cv-inner\"><div class=\"wpr-grid-media-hover-middle elementor-clearfix\"><h2 class=\"wpr-grid-item-title elementor-repeater-item-9ca64a5 wpr-grid-item-display-block wpr-grid-item-align-center wpr-element-fade-in wpr-anim-size-large wpr-anim-timing-ease-default wpr-anim-transparency wpr-pointer-none wpr-pointer-line-fx wpr-pointer-fx-fade\"><div class=\"inner-block\"><a target=\"_self\"  href=\"https:\/\/www.cuerpocuerpo.es\/en\/quien-quiera-encontrar-el-cuerpo-que-baile\/\">Quien quiera encontrar el cuerpo, que baile<\/a><\/div><\/h2><\/div><\/div><\/div><\/div><\/div><\/div><\/div><\/article><\/section><div class=\"wpr-grid-slider-arrow-container\"><div class=\"wpr-grid-slider-prev-arrow wpr-grid-slider-arrow\" id=\"wpr-grid-slider-prev-3cdd441\"><svg version=\"1.1\" xmlns=\"http:\/\/www.w3.org\/2000\/svg\" xmlns:xlink=\"http:\/\/www.w3.org\/1999\/xlink\" x=\"0px\" y=\"0px\" viewbox=\"0 0 283.4 512\" style=\"enable-background:new 0 0 283.4 512;\" xml:space=\"preserve\"><g><polygon class=\"st0\" points=\"54.5,256.3 283.4,485.1 256.1,512.5 0,256.3 0,256.3 27.2,229 256.1,0 283.4,27.4 \"\/><\/g><\/svg><\/div><div class=\"wpr-grid-slider-next-arrow wpr-grid-slider-arrow\" id=\"wpr-grid-slider-next-3cdd441\"><svg version=\"1.1\" xmlns=\"http:\/\/www.w3.org\/2000\/svg\" xmlns:xlink=\"http:\/\/www.w3.org\/1999\/xlink\" x=\"0px\" y=\"0px\" viewbox=\"0 0 283.4 512\" style=\"enable-background:new 0 0 283.4 512;\" xml:space=\"preserve\"><g><polygon class=\"st0\" points=\"54.5,256.3 283.4,485.1 256.1,512.5 0,256.3 0,256.3 27.2,229 256.1,0 283.4,27.4 \"\/><\/g><\/svg><\/div><\/div><div class=\"wpr-grid-slider-dots\"><\/div>\t\t\t\t<\/div>\n\t\t\t\t<\/div>\n\t\t\t\t<\/div>\n\t\t\t\t<\/div>\n\t\t\t\t\t<\/div>\n\t\t\t\t<\/div>\n\t\t\t\t<\/div>","protected":false},"excerpt":{"rendered":"<p>Hola! Somos Laura, Violeta y Mariana. Desde 2021 conformamos cuerpocuerpo, un colectivo art\u00edstico de creaci\u00f3n contempor\u00e1nea con base en Valencia, Madrid, Buenos Aires y Montevideo. cuerpocuerpo Residencia art\u00edstica en el CEIP Angelina Carnicer Desplazar Quien quiera encontrar el cuerpo, que baile<\/p>","protected":false},"author":1,"featured_media":0,"parent":0,"menu_order":0,"comment_status":"closed","ping_status":"closed","template":"elementor_header_footer","meta":{"footnotes":""},"class_list":["post-12","page","type-page","status-publish","hentry"],"yoast_head":"<!-- This site is optimized with the Yoast SEO plugin v27.0 - https:\/\/yoast.com\/product\/yoast-seo-wordpress\/ -->\n<title>Colectivo Art\u00edsitico | CuerpoCuerpo<\/title>\n<meta name=\"description\" content=\"Somos un colectivo art\u00edstico de creaci\u00f3n contempor\u00e1nea con base en Valencia, Madrid, Buenos Aires y Montevideo.\" \/>\n<meta name=\"robots\" content=\"index, follow, max-snippet:-1, max-image-preview:large, max-video-preview:-1\" \/>\n<link rel=\"canonical\" href=\"https:\/\/www.cuerpocuerpo.es\/en\/\" \/>\n<meta property=\"og:locale\" content=\"en_GB\" \/>\n<meta property=\"og:type\" content=\"article\" \/>\n<meta property=\"og:title\" content=\"Colectivo Art\u00edsitico | CuerpoCuerpo\" \/>\n<meta property=\"og:description\" content=\"Somos un colectivo art\u00edstico de creaci\u00f3n contempor\u00e1nea con base en Valencia, Madrid, Buenos Aires y Montevideo.\" \/>\n<meta property=\"og:url\" content=\"https:\/\/www.cuerpocuerpo.es\/en\/\" \/>\n<meta property=\"og:site_name\" content=\"CuerpoCuerpo\" \/>\n<meta property=\"article:modified_time\" content=\"2025-03-25T14:36:32+00:00\" \/>\n<meta property=\"og:image\" content=\"https:\/\/www.cuerpocuerpo.es\/wp-content\/uploads\/2025\/03\/home-1024x525.jpg\" \/>\n\t<meta property=\"og:image:width\" content=\"1024\" \/>\n\t<meta property=\"og:image:height\" content=\"525\" \/>\n\t<meta property=\"og:image:type\" content=\"image\/jpeg\" \/>\n<meta name=\"twitter:card\" content=\"summary_large_image\" \/>\n<meta name=\"twitter:label1\" content=\"Estimated reading time\" \/>\n\t<meta name=\"twitter:data1\" content=\"3 minutes\" \/>\n<script type=\"application\/ld+json\" class=\"yoast-schema-graph\">{\"@context\":\"https:\/\/schema.org\",\"@graph\":[{\"@type\":\"WebPage\",\"@id\":\"https:\/\/www.cuerpocuerpo.es\/\",\"url\":\"https:\/\/www.cuerpocuerpo.es\/\",\"name\":\"Colectivo Art\u00edsitico | CuerpoCuerpo\",\"isPartOf\":{\"@id\":\"https:\/\/www.cuerpocuerpo.es\/#website\"},\"primaryImageOfPage\":{\"@id\":\"https:\/\/www.cuerpocuerpo.es\/#primaryimage\"},\"image\":{\"@id\":\"https:\/\/www.cuerpocuerpo.es\/#primaryimage\"},\"thumbnailUrl\":\"https:\/\/www.cuerpocuerpo.es\/wp-content\/uploads\/2025\/03\/home.jpg\",\"datePublished\":\"2025-01-20T14:35:53+00:00\",\"dateModified\":\"2025-03-25T14:36:32+00:00\",\"description\":\"Somos un colectivo art\u00edstico de creaci\u00f3n contempor\u00e1nea con base en Valencia, Madrid, Buenos Aires y Montevideo.\",\"breadcrumb\":{\"@id\":\"https:\/\/www.cuerpocuerpo.es\/#breadcrumb\"},\"inLanguage\":\"en-GB\",\"potentialAction\":[{\"@type\":\"ReadAction\",\"target\":[\"https:\/\/www.cuerpocuerpo.es\/\"]}]},{\"@type\":\"ImageObject\",\"inLanguage\":\"en-GB\",\"@id\":\"https:\/\/www.cuerpocuerpo.es\/#primaryimage\",\"url\":\"https:\/\/www.cuerpocuerpo.es\/wp-content\/uploads\/2025\/03\/home.jpg\",\"contentUrl\":\"https:\/\/www.cuerpocuerpo.es\/wp-content\/uploads\/2025\/03\/home.jpg\"},{\"@type\":\"BreadcrumbList\",\"@id\":\"https:\/\/www.cuerpocuerpo.es\/#breadcrumb\",\"itemListElement\":[{\"@type\":\"ListItem\",\"position\":1,\"name\":\"Portada\",\"item\":\"https:\/\/www.cuerpocuerpo.es\/\"},{\"@type\":\"ListItem\",\"position\":2,\"name\":\"inicio\"}]},{\"@type\":\"WebSite\",\"@id\":\"https:\/\/www.cuerpocuerpo.es\/#website\",\"url\":\"https:\/\/www.cuerpocuerpo.es\/\",\"name\":\"Colectivo CuerpoCuerpo\",\"description\":\"Exploramos nuevas formas de creaci\u00f3n art\u00edstica y de relaci\u00f3n con el contexto cultural\",\"publisher\":{\"@id\":\"https:\/\/www.cuerpocuerpo.es\/#organization\"},\"alternateName\":\"Colectivo art\u00edstico\",\"potentialAction\":[{\"@type\":\"SearchAction\",\"target\":{\"@type\":\"EntryPoint\",\"urlTemplate\":\"https:\/\/www.cuerpocuerpo.es\/?s={search_term_string}\"},\"query-input\":{\"@type\":\"PropertyValueSpecification\",\"valueRequired\":true,\"valueName\":\"search_term_string\"}}],\"inLanguage\":\"en-GB\"},{\"@type\":\"Organization\",\"@id\":\"https:\/\/www.cuerpocuerpo.es\/#organization\",\"name\":\"CuerpoCuerpo\",\"url\":\"https:\/\/www.cuerpocuerpo.es\/\",\"logo\":{\"@type\":\"ImageObject\",\"inLanguage\":\"en-GB\",\"@id\":\"https:\/\/www.cuerpocuerpo.es\/#\/schema\/logo\/image\/\",\"url\":\"https:\/\/www.cuerpocuerpo.es\/wp-content\/uploads\/2025\/01\/logotipo_cuerpocuerpo.png\",\"contentUrl\":\"https:\/\/www.cuerpocuerpo.es\/wp-content\/uploads\/2025\/01\/logotipo_cuerpocuerpo.png\",\"width\":699,\"height\":130,\"caption\":\"CuerpoCuerpo\"},\"image\":{\"@id\":\"https:\/\/www.cuerpocuerpo.es\/#\/schema\/logo\/image\/\"}}]}<\/script>\n<!-- \/ Yoast SEO plugin. -->","yoast_head_json":{"title":"Colectivo Art\u00edsitico | CuerpoCuerpo","description":"Somos un colectivo art\u00edstico de creaci\u00f3n contempor\u00e1nea con base en Valencia, Madrid, Buenos Aires y Montevideo.","robots":{"index":"index","follow":"follow","max-snippet":"max-snippet:-1","max-image-preview":"max-image-preview:large","max-video-preview":"max-video-preview:-1"},"canonical":"https:\/\/www.cuerpocuerpo.es\/en\/","og_locale":"en_GB","og_type":"article","og_title":"Colectivo Art\u00edsitico | CuerpoCuerpo","og_description":"Somos un colectivo art\u00edstico de creaci\u00f3n contempor\u00e1nea con base en Valencia, Madrid, Buenos Aires y Montevideo.","og_url":"https:\/\/www.cuerpocuerpo.es\/en\/","og_site_name":"CuerpoCuerpo","article_modified_time":"2025-03-25T14:36:32+00:00","og_image":[{"width":1024,"height":525,"url":"https:\/\/www.cuerpocuerpo.es\/wp-content\/uploads\/2025\/03\/home-1024x525.jpg","type":"image\/jpeg"}],"twitter_card":"summary_large_image","twitter_misc":{"Estimated reading time":"3 minutes"},"schema":{"@context":"https:\/\/schema.org","@graph":[{"@type":"WebPage","@id":"https:\/\/www.cuerpocuerpo.es\/","url":"https:\/\/www.cuerpocuerpo.es\/","name":"Colectivo Art\u00edsitico | CuerpoCuerpo","isPartOf":{"@id":"https:\/\/www.cuerpocuerpo.es\/#website"},"primaryImageOfPage":{"@id":"https:\/\/www.cuerpocuerpo.es\/#primaryimage"},"image":{"@id":"https:\/\/www.cuerpocuerpo.es\/#primaryimage"},"thumbnailUrl":"https:\/\/www.cuerpocuerpo.es\/wp-content\/uploads\/2025\/03\/home.jpg","datePublished":"2025-01-20T14:35:53+00:00","dateModified":"2025-03-25T14:36:32+00:00","description":"Somos un colectivo art\u00edstico de creaci\u00f3n contempor\u00e1nea con base en Valencia, Madrid, Buenos Aires y Montevideo.","breadcrumb":{"@id":"https:\/\/www.cuerpocuerpo.es\/#breadcrumb"},"inLanguage":"en-GB","potentialAction":[{"@type":"ReadAction","target":["https:\/\/www.cuerpocuerpo.es\/"]}]},{"@type":"ImageObject","inLanguage":"en-GB","@id":"https:\/\/www.cuerpocuerpo.es\/#primaryimage","url":"https:\/\/www.cuerpocuerpo.es\/wp-content\/uploads\/2025\/03\/home.jpg","contentUrl":"https:\/\/www.cuerpocuerpo.es\/wp-content\/uploads\/2025\/03\/home.jpg"},{"@type":"BreadcrumbList","@id":"https:\/\/www.cuerpocuerpo.es\/#breadcrumb","itemListElement":[{"@type":"ListItem","position":1,"name":"Portada","item":"https:\/\/www.cuerpocuerpo.es\/"},{"@type":"ListItem","position":2,"name":"inicio"}]},{"@type":"WebSite","@id":"https:\/\/www.cuerpocuerpo.es\/#website","url":"https:\/\/www.cuerpocuerpo.es\/","name":"Colectivo CuerpoCuerpo","description":"Exploramos nuevas formas de creaci\u00f3n art\u00edstica y de relaci\u00f3n con el contexto cultural","publisher":{"@id":"https:\/\/www.cuerpocuerpo.es\/#organization"},"alternateName":"Colectivo art\u00edstico","potentialAction":[{"@type":"SearchAction","target":{"@type":"EntryPoint","urlTemplate":"https:\/\/www.cuerpocuerpo.es\/?s={search_term_string}"},"query-input":{"@type":"PropertyValueSpecification","valueRequired":true,"valueName":"search_term_string"}}],"inLanguage":"en-GB"},{"@type":"Organization","@id":"https:\/\/www.cuerpocuerpo.es\/#organization","name":"CuerpoCuerpo","url":"https:\/\/www.cuerpocuerpo.es\/","logo":{"@type":"ImageObject","inLanguage":"en-GB","@id":"https:\/\/www.cuerpocuerpo.es\/#\/schema\/logo\/image\/","url":"https:\/\/www.cuerpocuerpo.es\/wp-content\/uploads\/2025\/01\/logotipo_cuerpocuerpo.png","contentUrl":"https:\/\/www.cuerpocuerpo.es\/wp-content\/uploads\/2025\/01\/logotipo_cuerpocuerpo.png","width":699,"height":130,"caption":"CuerpoCuerpo"},"image":{"@id":"https:\/\/www.cuerpocuerpo.es\/#\/schema\/logo\/image\/"}}]}},"_links":{"self":[{"href":"https:\/\/www.cuerpocuerpo.es\/en\/wp-json\/wp\/v2\/pages\/12","targetHints":{"allow":["GET"]}}],"collection":[{"href":"https:\/\/www.cuerpocuerpo.es\/en\/wp-json\/wp\/v2\/pages"}],"about":[{"href":"https:\/\/www.cuerpocuerpo.es\/en\/wp-json\/wp\/v2\/types\/page"}],"author":[{"embeddable":true,"href":"https:\/\/www.cuerpocuerpo.es\/en\/wp-json\/wp\/v2\/users\/1"}],"replies":[{"embeddable":true,"href":"https:\/\/www.cuerpocuerpo.es\/en\/wp-json\/wp\/v2\/comments?post=12"}],"version-history":[{"count":113,"href":"https:\/\/www.cuerpocuerpo.es\/en\/wp-json\/wp\/v2\/pages\/12\/revisions"}],"predecessor-version":[{"id":1346,"href":"https:\/\/www.cuerpocuerpo.es\/en\/wp-json\/wp\/v2\/pages\/12\/revisions\/1346"}],"wp:attachment":[{"href":"https:\/\/www.cuerpocuerpo.es\/en\/wp-json\/wp\/v2\/media?parent=12"}],"curies":[{"name":"wp","href":"https:\/\/api.w.org\/{rel}","templated":true}]}}